{"id":1276,"date":"2014-07-16T15:30:48","date_gmt":"2014-07-11T09:43:24","guid":{"rendered":"http:\/\/templatefr.crmtest.be\/sinistres\/hoe-europees-aanrijdingsformulier-invullen\/"},"modified":"2014-09-18T15:23:21","modified_gmt":"2014-09-18T14:23:21","slug":"comment-remplir-constat-accident-europeen","status":"publish","type":"page","link":"https:\/\/fr.katleencolaert.be\/fr\/sinistres\/comment-remplir-constat-accident-europeen\/","title":{"rendered":"Comment remplir le constat d&rsquo;accident europ\u00e9en?"},"content":{"rendered":"<h2>Plan d&rsquo;\u00e9tapes<\/h2>\n<h3>1. Remplissez les donn\u00e9es du v\u00e9hicule de l&rsquo;adversaire.<\/h3>\n<h3>2. Remplissez les donn\u00e9es de votre propre v\u00e9hicule.<br \/>\n<img loading=\"lazy\" decoding=\"async\" class=\"alignleft wp-image-238 size-full\" src=\"http:\/\/insuportaal.crmtest.be\/wp-content\/uploads\/sites\/12\/2014\/07\/constatdaccident.png\" alt=\"aanrijdingsformulier\" width=\"529\" height=\"748\" \/><\/h3>\n<h3>3. Information g\u00e9n\u00e9rale de l&rsquo;accident:<\/h3>\n<ul class=\"fa-ul\">\n<li>Date<\/li>\n<li>Heure<\/li>\n<li>Lieu d&rsquo;accident<\/li>\n<li>Noms des rues<\/li>\n<li>Panneaux de signalisation et signaux lumineux<\/li>\n<li>Conditions (ex chauss\u00e9e en mauvais \u00e9tat)<\/li>\n<\/ul>\n<h3>4.\u00a0Esquisse de la situation<\/h3>\n<p><img loading=\"lazy\" decoding=\"async\" class=\"alignleft wp-image-239 size-full\" src=\"http:\/\/assurances-galler.be\/wp-content\/uploads\/sites\/15\/2014\/07\/sinistreFR.png\" alt=\"tekening\" width=\"531\" height=\"318\" \/><\/p>\n<h4>Quelques astuces<\/h4>\n<ul class=\"ck-ul\">\n<li>Dessinez la rue \u00e0 l&rsquo;aide d&rsquo;un pointill\u00e9 au milieu<\/li>\n<li>Dessinez les v\u00e9hicules comme des rectangles<\/li>\n<li>Indiquez clairement la face avant des v\u00e9hicules<\/li>\n<li>Utilisez A et B pour d\u00e9nommer les v\u00e9hicules<\/li>\n<li>Indiquez la direction des v\u00e9hicules \u00e0 l&rsquo;aide de fi\u00e8ches<\/li>\n<\/ul>\n","protected":false},"excerpt":{"rendered":"<p>Plan d&rsquo;\u00e9tapes 1. Remplissez les donn\u00e9es du v\u00e9hicule de l&rsquo;adversaire. 2. Remplissez les donn\u00e9es de votre propre v\u00e9hicule. 3. Information g\u00e9n\u00e9rale de l&rsquo;accident: Date Heure Lieu d&rsquo;accident Noms des rues Panneaux de signalisation et signaux lumineux Conditions (ex chauss\u00e9e en mauvais \u00e9tat) 4.\u00a0Esquisse de la situation Quelques astuces Dessinez la rue \u00e0 l&rsquo;aide d&rsquo;un pointill\u00e9 [&hellip;]<\/p>\n","protected":false},"author":1,"featured_media":0,"parent":1274,"menu_order":0,"comment_status":"closed","ping_status":"closed","template":"page-aanrijdingsformulier.php","meta":{"footnotes":""},"class_list":["post-1276","page","type-page","status-publish","hentry"],"yoast_head":"<!-- This site is optimized with the Yoast SEO plugin v21.8 - https:\/\/yoast.com\/wordpress\/plugins\/seo\/ -->\n<title>Comment remplir le constat d&#039;accident europ\u00e9en? - Katleen Colaert<\/title>\n<meta name=\"robots\" content=\"index, follow, max-snippet:-1, max-image-preview:large, max-video-preview:-1\" \/>\n<link rel=\"canonical\" href=\"https:\/\/fr.katleencolaert.be\/fr\/sinistres\/comment-remplir-constat-accident-europeen\/\" \/>\n<meta property=\"og:locale\" content=\"fr_FR\" \/>\n<meta property=\"og:type\" content=\"article\" \/>\n<meta property=\"og:title\" content=\"Comment remplir le constat d&#039;accident europ\u00e9en? - Katleen Colaert\" \/>\n<meta property=\"og:description\" content=\"Plan d&rsquo;\u00e9tapes 1. Remplissez les donn\u00e9es du v\u00e9hicule de l&rsquo;adversaire. 2. Remplissez les donn\u00e9es de votre propre v\u00e9hicule. 3. Information g\u00e9n\u00e9rale de l&rsquo;accident: Date Heure Lieu d&rsquo;accident Noms des rues Panneaux de signalisation et signaux lumineux Conditions (ex chauss\u00e9e en mauvais \u00e9tat) 4.\u00a0Esquisse de la situation Quelques astuces Dessinez la rue \u00e0 l&rsquo;aide d&rsquo;un pointill\u00e9 [&hellip;]\" \/>\n<meta property=\"og:url\" content=\"https:\/\/fr.katleencolaert.be\/fr\/sinistres\/comment-remplir-constat-accident-europeen\/\" \/>\n<meta property=\"og:site_name\" content=\"Katleen Colaert\" \/>\n<meta property=\"article:modified_time\" content=\"2014-09-18T14:23:21+00:00\" \/>\n<meta property=\"og:image\" content=\"http:\/\/insuportaal.crmtest.be\/wp-content\/uploads\/sites\/12\/2014\/07\/constatdaccident.png\" \/>\n<script type=\"application\/ld+json\" class=\"yoast-schema-graph\">{\"@context\":\"https:\/\/schema.org\",\"@graph\":[{\"@type\":\"WebPage\",\"@id\":\"https:\/\/fr.katleencolaert.be\/fr\/sinistres\/comment-remplir-constat-accident-europeen\/\",\"url\":\"https:\/\/fr.katleencolaert.be\/fr\/sinistres\/comment-remplir-constat-accident-europeen\/\",\"name\":\"Comment remplir le constat d'accident europ\u00e9en? - Katleen Colaert\",\"isPartOf\":{\"@id\":\"https:\/\/fr.katleencolaert.be\/fr\/#website\"},\"datePublished\":\"2014-07-11T09:43:24+00:00\",\"dateModified\":\"2014-09-18T14:23:21+00:00\",\"breadcrumb\":{\"@id\":\"https:\/\/fr.katleencolaert.be\/fr\/sinistres\/comment-remplir-constat-accident-europeen\/#breadcrumb\"},\"inLanguage\":\"fr-FR\",\"potentialAction\":[{\"@type\":\"ReadAction\",\"target\":[\"https:\/\/fr.katleencolaert.be\/fr\/sinistres\/comment-remplir-constat-accident-europeen\/\"]}]},{\"@type\":\"BreadcrumbList\",\"@id\":\"https:\/\/fr.katleencolaert.be\/fr\/sinistres\/comment-remplir-constat-accident-europeen\/#breadcrumb\",\"itemListElement\":[{\"@type\":\"ListItem\",\"position\":1,\"name\":\"Accueil\",\"item\":\"https:\/\/fr.katleencolaert.be\/fr\/\"},{\"@type\":\"ListItem\",\"position\":2,\"name\":\"Des sinistres\",\"item\":\"https:\/\/fr.katleencolaert.be\/fr\/sinistres\/\"},{\"@type\":\"ListItem\",\"position\":3,\"name\":\"Comment remplir le constat d&rsquo;accident europ\u00e9en?\"}]},{\"@type\":\"WebSite\",\"@id\":\"https:\/\/fr.katleencolaert.be\/fr\/#website\",\"url\":\"https:\/\/fr.katleencolaert.be\/fr\/\",\"name\":\"Katleen Colaert\",\"description\":\"Choisissez pour votre s\u00e9curit\u00e9 et profitez de la vie.\",\"potentialAction\":[{\"@type\":\"SearchAction\",\"target\":{\"@type\":\"EntryPoint\",\"urlTemplate\":\"https:\/\/fr.katleencolaert.be\/fr\/?s={search_term_string}\"},\"query-input\":\"required name=search_term_string\"}],\"inLanguage\":\"fr-FR\"}]}<\/script>\n<!-- \/ Yoast SEO plugin. -->","yoast_head_json":{"title":"Comment remplir le constat d'accident europ\u00e9en? - Katleen Colaert","robots":{"index":"index","follow":"follow","max-snippet":"max-snippet:-1","max-image-preview":"max-image-preview:large","max-video-preview":"max-video-preview:-1"},"canonical":"https:\/\/fr.katleencolaert.be\/fr\/sinistres\/comment-remplir-constat-accident-europeen\/","og_locale":"fr_FR","og_type":"article","og_title":"Comment remplir le constat d'accident europ\u00e9en? - Katleen Colaert","og_description":"Plan d&rsquo;\u00e9tapes 1. Remplissez les donn\u00e9es du v\u00e9hicule de l&rsquo;adversaire. 2. Remplissez les donn\u00e9es de votre propre v\u00e9hicule. 3. Information g\u00e9n\u00e9rale de l&rsquo;accident: Date Heure Lieu d&rsquo;accident Noms des rues Panneaux de signalisation et signaux lumineux Conditions (ex chauss\u00e9e en mauvais \u00e9tat) 4.\u00a0Esquisse de la situation Quelques astuces Dessinez la rue \u00e0 l&rsquo;aide d&rsquo;un pointill\u00e9 [&hellip;]","og_url":"https:\/\/fr.katleencolaert.be\/fr\/sinistres\/comment-remplir-constat-accident-europeen\/","og_site_name":"Katleen Colaert","article_modified_time":"2014-09-18T14:23:21+00:00","og_image":[{"url":"http:\/\/insuportaal.crmtest.be\/wp-content\/uploads\/sites\/12\/2014\/07\/constatdaccident.png"}],"schema":{"@context":"https:\/\/schema.org","@graph":[{"@type":"WebPage","@id":"https:\/\/fr.katleencolaert.be\/fr\/sinistres\/comment-remplir-constat-accident-europeen\/","url":"https:\/\/fr.katleencolaert.be\/fr\/sinistres\/comment-remplir-constat-accident-europeen\/","name":"Comment remplir le constat d'accident europ\u00e9en? - Katleen Colaert","isPartOf":{"@id":"https:\/\/fr.katleencolaert.be\/fr\/#website"},"datePublished":"2014-07-11T09:43:24+00:00","dateModified":"2014-09-18T14:23:21+00:00","breadcrumb":{"@id":"https:\/\/fr.katleencolaert.be\/fr\/sinistres\/comment-remplir-constat-accident-europeen\/#breadcrumb"},"inLanguage":"fr-FR","potentialAction":[{"@type":"ReadAction","target":["https:\/\/fr.katleencolaert.be\/fr\/sinistres\/comment-remplir-constat-accident-europeen\/"]}]},{"@type":"BreadcrumbList","@id":"https:\/\/fr.katleencolaert.be\/fr\/sinistres\/comment-remplir-constat-accident-europeen\/#breadcrumb","itemListElement":[{"@type":"ListItem","position":1,"name":"Accueil","item":"https:\/\/fr.katleencolaert.be\/fr\/"},{"@type":"ListItem","position":2,"name":"Des sinistres","item":"https:\/\/fr.katleencolaert.be\/fr\/sinistres\/"},{"@type":"ListItem","position":3,"name":"Comment remplir le constat d&rsquo;accident europ\u00e9en?"}]},{"@type":"WebSite","@id":"https:\/\/fr.katleencolaert.be\/fr\/#website","url":"https:\/\/fr.katleencolaert.be\/fr\/","name":"Katleen Colaert","description":"Choisissez pour votre s\u00e9curit\u00e9 et profitez de la vie.","potentialAction":[{"@type":"SearchAction","target":{"@type":"EntryPoint","urlTemplate":"https:\/\/fr.katleencolaert.be\/fr\/?s={search_term_string}"},"query-input":"required name=search_term_string"}],"inLanguage":"fr-FR"}]}},"_links":{"self":[{"href":"https:\/\/fr.katleencolaert.be\/fr\/wp-json\/wp\/v2\/pages\/1276","targetHints":{"allow":["GET"]}}],"collection":[{"href":"https:\/\/fr.katleencolaert.be\/fr\/wp-json\/wp\/v2\/pages"}],"about":[{"href":"https:\/\/fr.katleencolaert.be\/fr\/wp-json\/wp\/v2\/types\/page"}],"author":[{"embeddable":true,"href":"https:\/\/fr.katleencolaert.be\/fr\/wp-json\/wp\/v2\/users\/1"}],"replies":[{"embeddable":true,"href":"https:\/\/fr.katleencolaert.be\/fr\/wp-json\/wp\/v2\/comments?post=1276"}],"version-history":[{"count":7,"href":"https:\/\/fr.katleencolaert.be\/fr\/wp-json\/wp\/v2\/pages\/1276\/revisions"}],"predecessor-version":[{"id":1620,"href":"https:\/\/fr.katleencolaert.be\/fr\/wp-json\/wp\/v2\/pages\/1276\/revisions\/1620"}],"up":[{"embeddable":true,"href":"https:\/\/fr.katleencolaert.be\/fr\/wp-json\/wp\/v2\/pages\/1274"}],"wp:attachment":[{"href":"https:\/\/fr.katleencolaert.be\/fr\/wp-json\/wp\/v2\/media?parent=1276"}],"curies":[{"name":"wp","href":"https:\/\/api.w.org\/{rel}","templated":true}]}}