{"id":1248,"date":"2014-08-12T16:06:30","date_gmt":"2014-08-12T15:06:30","guid":{"rendered":"http:\/\/templatefr.crmtest.be\/?page_id=1248"},"modified":"2014-08-12T16:06:30","modified_gmt":"2014-08-12T15:06:30","slug":"pour-le-personnel","status":"publish","type":"page","link":"https:\/\/fr.katleencolaert.be\/fr\/pme-industrie\/pour-le-personnel\/","title":{"rendered":"Pour le personnel"},"content":{"rendered":"<h2>L&rsquo;assurance obligatoire des accidents du travail<\/h2>\n<p>Vous \u00eates oblig\u00e9 de souscrire une assurance accidents du travail pour l\u2019ensemble du personnel.<\/p>\n<p>Elle est \u00e9galement valable sur le chemin du travail.<\/p>\n<p>La d\u00e9finition d\u2019un accident du travail est un \u00e9v\u00e8nement soudain avec cause ext\u00e9rieure qui provoque un dommage corporel et qui survient lors de l\u2019ex\u00e9cution du travail ou sur le chemin du travail.<\/p>\n<p>Les indemnisations sont pr\u00e9vues pour une invalidit\u00e9 temporaire,une invalidit\u00e9 permanente, le d\u00e9c\u00e8s, les frais m\u00e9dicaux et d\u2019hospitalisation.<\/p>\n<p>La prime est calcul\u00e9e en fonction du genre d\u2019activit\u00e9, du nombre de personnel ou de la masse salariale.<\/p>\n<p>Une extension est possible pour les accidents de la vie priv\u00e9e ainsi que l\u2019indemnit\u00e9 bas\u00e9e sur le salaire d\u00e9passant le maximum l\u00e9gal accord\u00e9 par la mutuelle ( environ 41.000\u20ac en 2014)<\/p>\n<h2>Assurance groupe<\/h2>\n<p>Le co\u00fbt salarial dans notre pays, incite \u00e0 recourir \u00e0 des formules alternatives : les avantages en nature.<\/p>\n<p>Outre la voiture de soci\u00e9t\u00e9 , l\u2019assurance groupe est tr\u00e8s int\u00e9ressante:<\/p>\n<p>l\u2019employeur pr\u00e9voit une pension extra l\u00e9gale. Il y a des tas de formules possibles qui peuvent inclure un revenu garanti.<\/p>\n<p>Si vous \u00eates g\u00e9rant ind\u00e9pendant, c\u2019est un moyen tr\u00e8s int\u00e9ressant pour sortir de l\u2019argent de votre soci\u00e9t\u00e9 \u00e0 65 ans en payant un minimum d\u2019imp\u00f4ts.<\/p>\n<h2>Assurance groupe d&rsquo;hospitalisation<\/h2>\n<p>Cet avantage extra l\u00e9gal peut vous couvrir vous-m\u00eame et couvrir l\u2019hospitalisation de l\u2019employ\u00e9 ou de l\u2019ouvrier et sa famille.<\/p>\n<p>Il y a de nombreuses formules \u00e0 vous proposer.<\/p>\n<p><strong>Sachez n\u00e9anmoins qu\u2019elle n\u2019est pas d\u00e9ductible fiscalement pour l\u2019employeur.<\/strong><\/p>\n","protected":false},"excerpt":{"rendered":"<p>L&rsquo;assurance obligatoire des accidents du travail Vous \u00eates oblig\u00e9 de souscrire une assurance accidents du travail pour l\u2019ensemble du personnel. Elle est \u00e9galement valable sur le chemin du travail. La d\u00e9finition d\u2019un accident du travail est un \u00e9v\u00e8nement soudain avec cause ext\u00e9rieure qui provoque un dommage corporel et qui survient lors de l\u2019ex\u00e9cution du travail [&hellip;]<\/p>\n","protected":false},"author":1,"featured_media":0,"parent":1199,"menu_order":0,"comment_status":"closed","ping_status":"closed","template":"page-producten.php","meta":{"footnotes":""},"class_list":["post-1248","page","type-page","status-publish","hentry"],"yoast_head":"<!-- This site is optimized with the Yoast SEO plugin v21.8 - https:\/\/yoast.com\/wordpress\/plugins\/seo\/ -->\n<title>Pour le personnel - Katleen Colaert<\/title>\n<meta name=\"robots\" content=\"index, follow, max-snippet:-1, max-image-preview:large, max-video-preview:-1\" \/>\n<link rel=\"canonical\" href=\"https:\/\/fr.katleencolaert.be\/fr\/pme-industrie\/pour-le-personnel\/\" \/>\n<meta property=\"og:locale\" content=\"fr_FR\" \/>\n<meta property=\"og:type\" content=\"article\" \/>\n<meta property=\"og:title\" content=\"Pour le personnel - Katleen Colaert\" \/>\n<meta property=\"og:description\" content=\"L&rsquo;assurance obligatoire des accidents du travail Vous \u00eates oblig\u00e9 de souscrire une assurance accidents du travail pour l\u2019ensemble du personnel. Elle est \u00e9galement valable sur le chemin du travail. La d\u00e9finition d\u2019un accident du travail est un \u00e9v\u00e8nement soudain avec cause ext\u00e9rieure qui provoque un dommage corporel et qui survient lors de l\u2019ex\u00e9cution du travail [&hellip;]\" \/>\n<meta property=\"og:url\" content=\"https:\/\/fr.katleencolaert.be\/fr\/pme-industrie\/pour-le-personnel\/\" \/>\n<meta property=\"og:site_name\" content=\"Katleen Colaert\" \/>\n<meta name=\"twitter:label1\" content=\"Est. reading time\" \/>\n\t<meta name=\"twitter:data1\" content=\"1 minute\" \/>\n<script type=\"application\/ld+json\" class=\"yoast-schema-graph\">{\"@context\":\"https:\/\/schema.org\",\"@graph\":[{\"@type\":\"WebPage\",\"@id\":\"https:\/\/fr.katleencolaert.be\/fr\/pme-industrie\/pour-le-personnel\/\",\"url\":\"https:\/\/fr.katleencolaert.be\/fr\/pme-industrie\/pour-le-personnel\/\",\"name\":\"Pour le personnel - Katleen Colaert\",\"isPartOf\":{\"@id\":\"https:\/\/fr.katleencolaert.be\/fr\/#website\"},\"datePublished\":\"2014-08-12T15:06:30+00:00\",\"dateModified\":\"2014-08-12T15:06:30+00:00\",\"breadcrumb\":{\"@id\":\"https:\/\/fr.katleencolaert.be\/fr\/pme-industrie\/pour-le-personnel\/#breadcrumb\"},\"inLanguage\":\"fr-FR\",\"potentialAction\":[{\"@type\":\"ReadAction\",\"target\":[\"https:\/\/fr.katleencolaert.be\/fr\/pme-industrie\/pour-le-personnel\/\"]}]},{\"@type\":\"BreadcrumbList\",\"@id\":\"https:\/\/fr.katleencolaert.be\/fr\/pme-industrie\/pour-le-personnel\/#breadcrumb\",\"itemListElement\":[{\"@type\":\"ListItem\",\"position\":1,\"name\":\"Accueil\",\"item\":\"https:\/\/fr.katleencolaert.be\/fr\/\"},{\"@type\":\"ListItem\",\"position\":2,\"name\":\"PME &#038; Industrie\",\"item\":\"https:\/\/fr.katleencolaert.be\/fr\/pme-industrie\/\"},{\"@type\":\"ListItem\",\"position\":3,\"name\":\"Pour le personnel\"}]},{\"@type\":\"WebSite\",\"@id\":\"https:\/\/fr.katleencolaert.be\/fr\/#website\",\"url\":\"https:\/\/fr.katleencolaert.be\/fr\/\",\"name\":\"Katleen Colaert\",\"description\":\"Choisissez pour votre s\u00e9curit\u00e9 et profitez de la vie.\",\"potentialAction\":[{\"@type\":\"SearchAction\",\"target\":{\"@type\":\"EntryPoint\",\"urlTemplate\":\"https:\/\/fr.katleencolaert.be\/fr\/?s={search_term_string}\"},\"query-input\":\"required name=search_term_string\"}],\"inLanguage\":\"fr-FR\"}]}<\/script>\n<!-- \/ Yoast SEO plugin. -->","yoast_head_json":{"title":"Pour le personnel - Katleen Colaert","robots":{"index":"index","follow":"follow","max-snippet":"max-snippet:-1","max-image-preview":"max-image-preview:large","max-video-preview":"max-video-preview:-1"},"canonical":"https:\/\/fr.katleencolaert.be\/fr\/pme-industrie\/pour-le-personnel\/","og_locale":"fr_FR","og_type":"article","og_title":"Pour le personnel - Katleen Colaert","og_description":"L&rsquo;assurance obligatoire des accidents du travail Vous \u00eates oblig\u00e9 de souscrire une assurance accidents du travail pour l\u2019ensemble du personnel. Elle est \u00e9galement valable sur le chemin du travail. La d\u00e9finition d\u2019un accident du travail est un \u00e9v\u00e8nement soudain avec cause ext\u00e9rieure qui provoque un dommage corporel et qui survient lors de l\u2019ex\u00e9cution du travail [&hellip;]","og_url":"https:\/\/fr.katleencolaert.be\/fr\/pme-industrie\/pour-le-personnel\/","og_site_name":"Katleen Colaert","twitter_misc":{"Est. reading time":"1 minute"},"schema":{"@context":"https:\/\/schema.org","@graph":[{"@type":"WebPage","@id":"https:\/\/fr.katleencolaert.be\/fr\/pme-industrie\/pour-le-personnel\/","url":"https:\/\/fr.katleencolaert.be\/fr\/pme-industrie\/pour-le-personnel\/","name":"Pour le personnel - Katleen Colaert","isPartOf":{"@id":"https:\/\/fr.katleencolaert.be\/fr\/#website"},"datePublished":"2014-08-12T15:06:30+00:00","dateModified":"2014-08-12T15:06:30+00:00","breadcrumb":{"@id":"https:\/\/fr.katleencolaert.be\/fr\/pme-industrie\/pour-le-personnel\/#breadcrumb"},"inLanguage":"fr-FR","potentialAction":[{"@type":"ReadAction","target":["https:\/\/fr.katleencolaert.be\/fr\/pme-industrie\/pour-le-personnel\/"]}]},{"@type":"BreadcrumbList","@id":"https:\/\/fr.katleencolaert.be\/fr\/pme-industrie\/pour-le-personnel\/#breadcrumb","itemListElement":[{"@type":"ListItem","position":1,"name":"Accueil","item":"https:\/\/fr.katleencolaert.be\/fr\/"},{"@type":"ListItem","position":2,"name":"PME &#038; Industrie","item":"https:\/\/fr.katleencolaert.be\/fr\/pme-industrie\/"},{"@type":"ListItem","position":3,"name":"Pour le personnel"}]},{"@type":"WebSite","@id":"https:\/\/fr.katleencolaert.be\/fr\/#website","url":"https:\/\/fr.katleencolaert.be\/fr\/","name":"Katleen Colaert","description":"Choisissez pour votre s\u00e9curit\u00e9 et profitez de la vie.","potentialAction":[{"@type":"SearchAction","target":{"@type":"EntryPoint","urlTemplate":"https:\/\/fr.katleencolaert.be\/fr\/?s={search_term_string}"},"query-input":"required name=search_term_string"}],"inLanguage":"fr-FR"}]}},"_links":{"self":[{"href":"https:\/\/fr.katleencolaert.be\/fr\/wp-json\/wp\/v2\/pages\/1248","targetHints":{"allow":["GET"]}}],"collection":[{"href":"https:\/\/fr.katleencolaert.be\/fr\/wp-json\/wp\/v2\/pages"}],"about":[{"href":"https:\/\/fr.katleencolaert.be\/fr\/wp-json\/wp\/v2\/types\/page"}],"author":[{"embeddable":true,"href":"https:\/\/fr.katleencolaert.be\/fr\/wp-json\/wp\/v2\/users\/1"}],"replies":[{"embeddable":true,"href":"https:\/\/fr.katleencolaert.be\/fr\/wp-json\/wp\/v2\/comments?post=1248"}],"version-history":[{"count":1,"href":"https:\/\/fr.katleencolaert.be\/fr\/wp-json\/wp\/v2\/pages\/1248\/revisions"}],"predecessor-version":[{"id":1249,"href":"https:\/\/fr.katleencolaert.be\/fr\/wp-json\/wp\/v2\/pages\/1248\/revisions\/1249"}],"up":[{"embeddable":true,"href":"https:\/\/fr.katleencolaert.be\/fr\/wp-json\/wp\/v2\/pages\/1199"}],"wp:attachment":[{"href":"https:\/\/fr.katleencolaert.be\/fr\/wp-json\/wp\/v2\/media?parent=1248"}],"curies":[{"name":"wp","href":"https:\/\/api.w.org\/{rel}","templated":true}]}}