{"id":1244,"date":"2014-08-12T16:02:06","date_gmt":"2014-08-12T15:02:06","guid":{"rendered":"http:\/\/templatefr.crmtest.be\/?page_id=1244"},"modified":"2014-08-12T16:02:06","modified_gmt":"2014-08-12T15:02:06","slug":"assurance-dirigeant-dentreprise","status":"publish","type":"page","link":"https:\/\/fr.katleencolaert.be\/fr\/pme-industrie\/assurance-dirigeant-dentreprise\/","title":{"rendered":"Assurance dirigeant d&rsquo;entreprise"},"content":{"rendered":"<h2>RC administrateur de soci\u00e9t\u00e9<\/h2>\n<p>La l\u00e9gislation pr\u00e9voit qu\u2019un administrateur de soci\u00e9t\u00e9( sous quelque forme que ce soit)peut \u00eatre rendu personnellement responsable pour un dommage survenu lors de son mandat. Il s\u2019agit de fautes graves, infractions \u00e0 la l\u00e9gislation, mauvaise interpr\u00e9tation etc.<\/p>\n<p>Etant donn\u00e9 qu\u2019 on est rendu responsable de fautes de subordonn\u00e9s, cette couverture est importante.<\/p>\n<p>La police est sur mesure en fonction de la taille de la soci\u00e9t\u00e9. On choisira avec nos clients ce qui leur convient.<\/p>\n<h2>Pension compl\u00e9mentaire<\/h2>\n<p>Malgr\u00e9 une am\u00e9lioration notoire, la pension d\u2019un ind\u00e9pendant n\u2019est pas des plus \u00e9l\u00e9v\u00e9e.<\/p>\n<p>On peut pr\u00e9voir une formule \u00e0 votre mesure afin qu\u2019\u00e0 l\u00e2ge de la pension vous puissiez maintenir le m\u00eame train de vie.<\/p>\n<p>On examine ce qui est fiscalement le plus int\u00e9ressant pour augmenter votre pension.<\/p>\n<p>La prime est toujours adaptable.<\/p>\n<p>L\u2019avantage de cette formule est qu\u2019elle permet de r\u00e9duire le co\u00fbt des charges sociales.<\/p>\n<p>C\u2019est la formule \u00e0 examiner pour des ind\u00e9pendants et l\u2019\u00e9pouse aidante.<\/p>\n","protected":false},"excerpt":{"rendered":"<p>RC administrateur de soci\u00e9t\u00e9 La l\u00e9gislation pr\u00e9voit qu\u2019un administrateur de soci\u00e9t\u00e9( sous quelque forme que ce soit)peut \u00eatre rendu personnellement responsable pour un dommage survenu lors de son mandat. Il s\u2019agit de fautes graves, infractions \u00e0 la l\u00e9gislation, mauvaise interpr\u00e9tation etc. Etant donn\u00e9 qu\u2019 on est rendu responsable de fautes de subordonn\u00e9s, cette couverture est [&hellip;]<\/p>\n","protected":false},"author":1,"featured_media":0,"parent":1199,"menu_order":0,"comment_status":"closed","ping_status":"closed","template":"page-producten.php","meta":{"footnotes":""},"class_list":["post-1244","page","type-page","status-publish","hentry"],"yoast_head":"<!-- This site is optimized with the Yoast SEO plugin v21.8 - https:\/\/yoast.com\/wordpress\/plugins\/seo\/ -->\n<title>Assurance dirigeant d&#039;entreprise - Katleen Colaert<\/title>\n<meta name=\"robots\" content=\"index, follow, max-snippet:-1, max-image-preview:large, max-video-preview:-1\" \/>\n<link rel=\"canonical\" href=\"https:\/\/fr.katleencolaert.be\/fr\/pme-industrie\/assurance-dirigeant-dentreprise\/\" \/>\n<meta property=\"og:locale\" content=\"fr_FR\" \/>\n<meta property=\"og:type\" content=\"article\" \/>\n<meta property=\"og:title\" content=\"Assurance dirigeant d&#039;entreprise - Katleen Colaert\" \/>\n<meta property=\"og:description\" content=\"RC administrateur de soci\u00e9t\u00e9 La l\u00e9gislation pr\u00e9voit qu\u2019un administrateur de soci\u00e9t\u00e9( sous quelque forme que ce soit)peut \u00eatre rendu personnellement responsable pour un dommage survenu lors de son mandat. Il s\u2019agit de fautes graves, infractions \u00e0 la l\u00e9gislation, mauvaise interpr\u00e9tation etc. Etant donn\u00e9 qu\u2019 on est rendu responsable de fautes de subordonn\u00e9s, cette couverture est [&hellip;]\" \/>\n<meta property=\"og:url\" content=\"https:\/\/fr.katleencolaert.be\/fr\/pme-industrie\/assurance-dirigeant-dentreprise\/\" \/>\n<meta property=\"og:site_name\" content=\"Katleen Colaert\" \/>\n<meta name=\"twitter:label1\" content=\"Est. reading time\" \/>\n\t<meta name=\"twitter:data1\" content=\"1 minute\" \/>\n<script type=\"application\/ld+json\" class=\"yoast-schema-graph\">{\"@context\":\"https:\/\/schema.org\",\"@graph\":[{\"@type\":\"WebPage\",\"@id\":\"https:\/\/fr.katleencolaert.be\/fr\/pme-industrie\/assurance-dirigeant-dentreprise\/\",\"url\":\"https:\/\/fr.katleencolaert.be\/fr\/pme-industrie\/assurance-dirigeant-dentreprise\/\",\"name\":\"Assurance dirigeant d'entreprise - Katleen Colaert\",\"isPartOf\":{\"@id\":\"https:\/\/fr.katleencolaert.be\/fr\/#website\"},\"datePublished\":\"2014-08-12T15:02:06+00:00\",\"dateModified\":\"2014-08-12T15:02:06+00:00\",\"breadcrumb\":{\"@id\":\"https:\/\/fr.katleencolaert.be\/fr\/pme-industrie\/assurance-dirigeant-dentreprise\/#breadcrumb\"},\"inLanguage\":\"fr-FR\",\"potentialAction\":[{\"@type\":\"ReadAction\",\"target\":[\"https:\/\/fr.katleencolaert.be\/fr\/pme-industrie\/assurance-dirigeant-dentreprise\/\"]}]},{\"@type\":\"BreadcrumbList\",\"@id\":\"https:\/\/fr.katleencolaert.be\/fr\/pme-industrie\/assurance-dirigeant-dentreprise\/#breadcrumb\",\"itemListElement\":[{\"@type\":\"ListItem\",\"position\":1,\"name\":\"Accueil\",\"item\":\"https:\/\/fr.katleencolaert.be\/fr\/\"},{\"@type\":\"ListItem\",\"position\":2,\"name\":\"PME &#038; Industrie\",\"item\":\"https:\/\/fr.katleencolaert.be\/fr\/pme-industrie\/\"},{\"@type\":\"ListItem\",\"position\":3,\"name\":\"Assurance dirigeant d&rsquo;entreprise\"}]},{\"@type\":\"WebSite\",\"@id\":\"https:\/\/fr.katleencolaert.be\/fr\/#website\",\"url\":\"https:\/\/fr.katleencolaert.be\/fr\/\",\"name\":\"Katleen Colaert\",\"description\":\"Choisissez pour votre s\u00e9curit\u00e9 et profitez de la vie.\",\"potentialAction\":[{\"@type\":\"SearchAction\",\"target\":{\"@type\":\"EntryPoint\",\"urlTemplate\":\"https:\/\/fr.katleencolaert.be\/fr\/?s={search_term_string}\"},\"query-input\":\"required name=search_term_string\"}],\"inLanguage\":\"fr-FR\"}]}<\/script>\n<!-- \/ Yoast SEO plugin. -->","yoast_head_json":{"title":"Assurance dirigeant d'entreprise - Katleen Colaert","robots":{"index":"index","follow":"follow","max-snippet":"max-snippet:-1","max-image-preview":"max-image-preview:large","max-video-preview":"max-video-preview:-1"},"canonical":"https:\/\/fr.katleencolaert.be\/fr\/pme-industrie\/assurance-dirigeant-dentreprise\/","og_locale":"fr_FR","og_type":"article","og_title":"Assurance dirigeant d'entreprise - Katleen Colaert","og_description":"RC administrateur de soci\u00e9t\u00e9 La l\u00e9gislation pr\u00e9voit qu\u2019un administrateur de soci\u00e9t\u00e9( sous quelque forme que ce soit)peut \u00eatre rendu personnellement responsable pour un dommage survenu lors de son mandat. Il s\u2019agit de fautes graves, infractions \u00e0 la l\u00e9gislation, mauvaise interpr\u00e9tation etc. Etant donn\u00e9 qu\u2019 on est rendu responsable de fautes de subordonn\u00e9s, cette couverture est [&hellip;]","og_url":"https:\/\/fr.katleencolaert.be\/fr\/pme-industrie\/assurance-dirigeant-dentreprise\/","og_site_name":"Katleen Colaert","twitter_misc":{"Est. reading time":"1 minute"},"schema":{"@context":"https:\/\/schema.org","@graph":[{"@type":"WebPage","@id":"https:\/\/fr.katleencolaert.be\/fr\/pme-industrie\/assurance-dirigeant-dentreprise\/","url":"https:\/\/fr.katleencolaert.be\/fr\/pme-industrie\/assurance-dirigeant-dentreprise\/","name":"Assurance dirigeant d'entreprise - Katleen Colaert","isPartOf":{"@id":"https:\/\/fr.katleencolaert.be\/fr\/#website"},"datePublished":"2014-08-12T15:02:06+00:00","dateModified":"2014-08-12T15:02:06+00:00","breadcrumb":{"@id":"https:\/\/fr.katleencolaert.be\/fr\/pme-industrie\/assurance-dirigeant-dentreprise\/#breadcrumb"},"inLanguage":"fr-FR","potentialAction":[{"@type":"ReadAction","target":["https:\/\/fr.katleencolaert.be\/fr\/pme-industrie\/assurance-dirigeant-dentreprise\/"]}]},{"@type":"BreadcrumbList","@id":"https:\/\/fr.katleencolaert.be\/fr\/pme-industrie\/assurance-dirigeant-dentreprise\/#breadcrumb","itemListElement":[{"@type":"ListItem","position":1,"name":"Accueil","item":"https:\/\/fr.katleencolaert.be\/fr\/"},{"@type":"ListItem","position":2,"name":"PME &#038; Industrie","item":"https:\/\/fr.katleencolaert.be\/fr\/pme-industrie\/"},{"@type":"ListItem","position":3,"name":"Assurance dirigeant d&rsquo;entreprise"}]},{"@type":"WebSite","@id":"https:\/\/fr.katleencolaert.be\/fr\/#website","url":"https:\/\/fr.katleencolaert.be\/fr\/","name":"Katleen Colaert","description":"Choisissez pour votre s\u00e9curit\u00e9 et profitez de la vie.","potentialAction":[{"@type":"SearchAction","target":{"@type":"EntryPoint","urlTemplate":"https:\/\/fr.katleencolaert.be\/fr\/?s={search_term_string}"},"query-input":"required name=search_term_string"}],"inLanguage":"fr-FR"}]}},"_links":{"self":[{"href":"https:\/\/fr.katleencolaert.be\/fr\/wp-json\/wp\/v2\/pages\/1244","targetHints":{"allow":["GET"]}}],"collection":[{"href":"https:\/\/fr.katleencolaert.be\/fr\/wp-json\/wp\/v2\/pages"}],"about":[{"href":"https:\/\/fr.katleencolaert.be\/fr\/wp-json\/wp\/v2\/types\/page"}],"author":[{"embeddable":true,"href":"https:\/\/fr.katleencolaert.be\/fr\/wp-json\/wp\/v2\/users\/1"}],"replies":[{"embeddable":true,"href":"https:\/\/fr.katleencolaert.be\/fr\/wp-json\/wp\/v2\/comments?post=1244"}],"version-history":[{"count":1,"href":"https:\/\/fr.katleencolaert.be\/fr\/wp-json\/wp\/v2\/pages\/1244\/revisions"}],"predecessor-version":[{"id":1245,"href":"https:\/\/fr.katleencolaert.be\/fr\/wp-json\/wp\/v2\/pages\/1244\/revisions\/1245"}],"up":[{"embeddable":true,"href":"https:\/\/fr.katleencolaert.be\/fr\/wp-json\/wp\/v2\/pages\/1199"}],"wp:attachment":[{"href":"https:\/\/fr.katleencolaert.be\/fr\/wp-json\/wp\/v2\/media?parent=1244"}],"curies":[{"name":"wp","href":"https:\/\/api.w.org\/{rel}","templated":true}]}}