{"id":1240,"date":"2014-08-12T15:57:53","date_gmt":"2014-08-12T14:57:53","guid":{"rendered":"http:\/\/templatefr.crmtest.be\/?page_id=1240"},"modified":"2014-08-12T15:57:53","modified_gmt":"2014-08-12T14:57:53","slug":"votre-entreprise","status":"publish","type":"page","link":"https:\/\/fr.katleencolaert.be\/fr\/pme-industrie\/votre-entreprise\/","title":{"rendered":"Votre entreprise"},"content":{"rendered":"<h2>RC exploitation<\/h2>\n<p>Lors de l\u2019ex\u00e9cution de travaux journaliers, divers accidents sont possibles.<\/p>\n<p>Une mauvaise installation \u00e9lectrique peut provoquer des dommages aux machines, un entrepreneur peut endommager une fen\u00eatre lors de travaux de r\u00e9novation, la liste est immense\u2026<\/p>\n<p>Par le biais de la RC exploitation on peut couvrir la RC non contractuelle de l\u2019entreprise et de ses collaborateurs pour un dommage lors de l\u2019ex\u00e9cution du travail. C\u2019est la RC familiale de l\u2019entreprise.<\/p>\n<p>On distingue 4 types de couvertures:<\/p>\n<ul>\n<li>la RC exploitation non contractuelle.<\/li>\n<li>la RC apr\u00e8s livraison( assurance produit) pour un dommage apr\u00e8s l\u2019ex\u00e9cution des travaux.Dans l\u2019alimentaire un produit avari\u00e9 provoque un dommage.<\/li>\n<li>la garantie objet confi\u00e9( un transporteur endommage un objet transport\u00e9).<\/li>\n<li>une couverture d\u00e9fense en justice qui vous assiste si vous \u00eates poursuivi pour un dommage ou d\u00e9fend vos int\u00e9r\u00eats en cas de contestation.<\/li>\n<\/ul>\n<h2>RC professionnelle<\/h2>\n<p>Si la RC exploitation ne couvre que la responsabilit\u00e9 extra-contractuelle, certaines professions peuvent souscrire une RC professionnelle qui les couvre envers les dommages contractuels.<\/p>\n<p>Il en est ainsi par ex pour des consultants, architectes qui peuvent \u00eatre rendus responsables de manquements dans leur projet.<\/p>\n<h2>Incendie<\/h2>\n<p>Une police incendie sur mesure garantit \u00e0 l\u2019entreprise sa survie : de tels contrats couvrent non seulement l\u2019incendie et la fum\u00e9e qui endommagent un b\u00e2timent industriel mais \u00e9galement la temp\u00eate et la gr\u00eale, les d\u00e9g\u00e2ts des eaux, et le bris de vitres.<\/p>\n<p>Tout comme pour une assurance priv\u00e9e , diverses options sont possibles telle une tous risques chantier.<\/p>\n<p>La perte de b\u00e9n\u00e9fice apr\u00e8s un sinistre est un compl\u00e9ment essentiel qui couvre les frais g\u00e9n\u00e9raux et la perte de b\u00e9n\u00e9fice durant le temps de la reconstruction.<\/p>\n<h2>Assurance auto<\/h2>\n<p>voir particuliers: assurance Auto<\/p>\n","protected":false},"excerpt":{"rendered":"<p>RC exploitation Lors de l\u2019ex\u00e9cution de travaux journaliers, divers accidents sont possibles. Une mauvaise installation \u00e9lectrique peut provoquer des dommages aux machines, un entrepreneur peut endommager une fen\u00eatre lors de travaux de r\u00e9novation, la liste est immense\u2026 Par le biais de la RC exploitation on peut couvrir la RC non contractuelle de l\u2019entreprise et de [&hellip;]<\/p>\n","protected":false},"author":1,"featured_media":0,"parent":1199,"menu_order":0,"comment_status":"closed","ping_status":"closed","template":"page-producten.php","meta":{"footnotes":""},"class_list":["post-1240","page","type-page","status-publish","hentry"],"yoast_head":"<!-- This site is optimized with the Yoast SEO plugin v21.8 - https:\/\/yoast.com\/wordpress\/plugins\/seo\/ -->\n<title>Votre entreprise - Katleen Colaert<\/title>\n<meta name=\"robots\" content=\"index, follow, max-snippet:-1, max-image-preview:large, max-video-preview:-1\" \/>\n<link rel=\"canonical\" href=\"https:\/\/fr.katleencolaert.be\/fr\/pme-industrie\/votre-entreprise\/\" \/>\n<meta property=\"og:locale\" content=\"fr_FR\" \/>\n<meta property=\"og:type\" content=\"article\" \/>\n<meta property=\"og:title\" content=\"Votre entreprise - Katleen Colaert\" \/>\n<meta property=\"og:description\" content=\"RC exploitation Lors de l\u2019ex\u00e9cution de travaux journaliers, divers accidents sont possibles. Une mauvaise installation \u00e9lectrique peut provoquer des dommages aux machines, un entrepreneur peut endommager une fen\u00eatre lors de travaux de r\u00e9novation, la liste est immense\u2026 Par le biais de la RC exploitation on peut couvrir la RC non contractuelle de l\u2019entreprise et de [&hellip;]\" \/>\n<meta property=\"og:url\" content=\"https:\/\/fr.katleencolaert.be\/fr\/pme-industrie\/votre-entreprise\/\" \/>\n<meta property=\"og:site_name\" content=\"Katleen Colaert\" \/>\n<meta name=\"twitter:label1\" content=\"Est. reading time\" \/>\n\t<meta name=\"twitter:data1\" content=\"2 minutes\" \/>\n<script type=\"application\/ld+json\" class=\"yoast-schema-graph\">{\"@context\":\"https:\/\/schema.org\",\"@graph\":[{\"@type\":\"WebPage\",\"@id\":\"https:\/\/fr.katleencolaert.be\/fr\/pme-industrie\/votre-entreprise\/\",\"url\":\"https:\/\/fr.katleencolaert.be\/fr\/pme-industrie\/votre-entreprise\/\",\"name\":\"Votre entreprise - Katleen Colaert\",\"isPartOf\":{\"@id\":\"https:\/\/fr.katleencolaert.be\/fr\/#website\"},\"datePublished\":\"2014-08-12T14:57:53+00:00\",\"dateModified\":\"2014-08-12T14:57:53+00:00\",\"breadcrumb\":{\"@id\":\"https:\/\/fr.katleencolaert.be\/fr\/pme-industrie\/votre-entreprise\/#breadcrumb\"},\"inLanguage\":\"fr-FR\",\"potentialAction\":[{\"@type\":\"ReadAction\",\"target\":[\"https:\/\/fr.katleencolaert.be\/fr\/pme-industrie\/votre-entreprise\/\"]}]},{\"@type\":\"BreadcrumbList\",\"@id\":\"https:\/\/fr.katleencolaert.be\/fr\/pme-industrie\/votre-entreprise\/#breadcrumb\",\"itemListElement\":[{\"@type\":\"ListItem\",\"position\":1,\"name\":\"Accueil\",\"item\":\"https:\/\/fr.katleencolaert.be\/fr\/\"},{\"@type\":\"ListItem\",\"position\":2,\"name\":\"PME &#038; Industrie\",\"item\":\"https:\/\/fr.katleencolaert.be\/fr\/pme-industrie\/\"},{\"@type\":\"ListItem\",\"position\":3,\"name\":\"Votre entreprise\"}]},{\"@type\":\"WebSite\",\"@id\":\"https:\/\/fr.katleencolaert.be\/fr\/#website\",\"url\":\"https:\/\/fr.katleencolaert.be\/fr\/\",\"name\":\"Katleen Colaert\",\"description\":\"Choisissez pour votre s\u00e9curit\u00e9 et profitez de la vie.\",\"potentialAction\":[{\"@type\":\"SearchAction\",\"target\":{\"@type\":\"EntryPoint\",\"urlTemplate\":\"https:\/\/fr.katleencolaert.be\/fr\/?s={search_term_string}\"},\"query-input\":\"required name=search_term_string\"}],\"inLanguage\":\"fr-FR\"}]}<\/script>\n<!-- \/ Yoast SEO plugin. -->","yoast_head_json":{"title":"Votre entreprise - Katleen Colaert","robots":{"index":"index","follow":"follow","max-snippet":"max-snippet:-1","max-image-preview":"max-image-preview:large","max-video-preview":"max-video-preview:-1"},"canonical":"https:\/\/fr.katleencolaert.be\/fr\/pme-industrie\/votre-entreprise\/","og_locale":"fr_FR","og_type":"article","og_title":"Votre entreprise - Katleen Colaert","og_description":"RC exploitation Lors de l\u2019ex\u00e9cution de travaux journaliers, divers accidents sont possibles. Une mauvaise installation \u00e9lectrique peut provoquer des dommages aux machines, un entrepreneur peut endommager une fen\u00eatre lors de travaux de r\u00e9novation, la liste est immense\u2026 Par le biais de la RC exploitation on peut couvrir la RC non contractuelle de l\u2019entreprise et de [&hellip;]","og_url":"https:\/\/fr.katleencolaert.be\/fr\/pme-industrie\/votre-entreprise\/","og_site_name":"Katleen Colaert","twitter_misc":{"Est. reading time":"2 minutes"},"schema":{"@context":"https:\/\/schema.org","@graph":[{"@type":"WebPage","@id":"https:\/\/fr.katleencolaert.be\/fr\/pme-industrie\/votre-entreprise\/","url":"https:\/\/fr.katleencolaert.be\/fr\/pme-industrie\/votre-entreprise\/","name":"Votre entreprise - Katleen Colaert","isPartOf":{"@id":"https:\/\/fr.katleencolaert.be\/fr\/#website"},"datePublished":"2014-08-12T14:57:53+00:00","dateModified":"2014-08-12T14:57:53+00:00","breadcrumb":{"@id":"https:\/\/fr.katleencolaert.be\/fr\/pme-industrie\/votre-entreprise\/#breadcrumb"},"inLanguage":"fr-FR","potentialAction":[{"@type":"ReadAction","target":["https:\/\/fr.katleencolaert.be\/fr\/pme-industrie\/votre-entreprise\/"]}]},{"@type":"BreadcrumbList","@id":"https:\/\/fr.katleencolaert.be\/fr\/pme-industrie\/votre-entreprise\/#breadcrumb","itemListElement":[{"@type":"ListItem","position":1,"name":"Accueil","item":"https:\/\/fr.katleencolaert.be\/fr\/"},{"@type":"ListItem","position":2,"name":"PME &#038; Industrie","item":"https:\/\/fr.katleencolaert.be\/fr\/pme-industrie\/"},{"@type":"ListItem","position":3,"name":"Votre entreprise"}]},{"@type":"WebSite","@id":"https:\/\/fr.katleencolaert.be\/fr\/#website","url":"https:\/\/fr.katleencolaert.be\/fr\/","name":"Katleen Colaert","description":"Choisissez pour votre s\u00e9curit\u00e9 et profitez de la vie.","potentialAction":[{"@type":"SearchAction","target":{"@type":"EntryPoint","urlTemplate":"https:\/\/fr.katleencolaert.be\/fr\/?s={search_term_string}"},"query-input":"required name=search_term_string"}],"inLanguage":"fr-FR"}]}},"_links":{"self":[{"href":"https:\/\/fr.katleencolaert.be\/fr\/wp-json\/wp\/v2\/pages\/1240","targetHints":{"allow":["GET"]}}],"collection":[{"href":"https:\/\/fr.katleencolaert.be\/fr\/wp-json\/wp\/v2\/pages"}],"about":[{"href":"https:\/\/fr.katleencolaert.be\/fr\/wp-json\/wp\/v2\/types\/page"}],"author":[{"embeddable":true,"href":"https:\/\/fr.katleencolaert.be\/fr\/wp-json\/wp\/v2\/users\/1"}],"replies":[{"embeddable":true,"href":"https:\/\/fr.katleencolaert.be\/fr\/wp-json\/wp\/v2\/comments?post=1240"}],"version-history":[{"count":1,"href":"https:\/\/fr.katleencolaert.be\/fr\/wp-json\/wp\/v2\/pages\/1240\/revisions"}],"predecessor-version":[{"id":1241,"href":"https:\/\/fr.katleencolaert.be\/fr\/wp-json\/wp\/v2\/pages\/1240\/revisions\/1241"}],"up":[{"embeddable":true,"href":"https:\/\/fr.katleencolaert.be\/fr\/wp-json\/wp\/v2\/pages\/1199"}],"wp:attachment":[{"href":"https:\/\/fr.katleencolaert.be\/fr\/wp-json\/wp\/v2\/media?parent=1240"}],"curies":[{"name":"wp","href":"https:\/\/api.w.org\/{rel}","templated":true}]}}