{"id":1233,"date":"2014-08-12T15:51:33","date_gmt":"2014-08-12T14:51:33","guid":{"rendered":"http:\/\/templatefr.crmtest.be\/?page_id=1233"},"modified":"2014-08-12T15:51:33","modified_gmt":"2014-08-12T14:51:33","slug":"assurance-vie-et-pension","status":"publish","type":"page","link":"https:\/\/fr.katleencolaert.be\/fr\/particuliers\/assurance-vie-et-pension\/","title":{"rendered":"Assurance vie et pension"},"content":{"rendered":"<p>L\u2019assurance vie et le plan pension sont des formules \u00e0 capitalisation \u00e0 65 ans et ont chacune leur sp\u00e9cificit\u00e9. Elles peuvent toutes deux couvrir le risque d\u00e9c\u00e8s.<\/p>\n<p>Il y a un capital fixe et g\u00e9n\u00e9ralement une participation b\u00e9n\u00e9ficiaire. Cette forme de capitalisation \u00e0 l\u2019\u00e2ge de la pension est fiscalement d\u00e9ductible en fonction des revenus professionnels.<\/p>\n<p>Contactez-nous pour une \u00e9tude personnalis\u00e9e afin que vous puissiez choisir la formule la mieux adapt\u00e9e \u00e0 vos besoins. Le maximum d\u00e9ductible fiscalement en 2014 est de 2.280\u20ac.<\/p>\n<p>Le plan pension est cumulable avec la premi\u00e8re formule et fiscalement d\u00e9ductible (au moins 30%) m\u00eame sans revenus professionnels: pour 2014 : 950 \u20ac de prime annuelle .<\/p>\n<p>Le plan pension garantit \u00e9galement un rendement minimum, hors participation b\u00e9n\u00e9ficiaire.<\/p>\n<p>Pour les particuliers et les ind\u00e9pendants il y a diverses formules que nous analyserons ensemble. Un entretien est conseill\u00e9.<\/p>\n<p>Nous limitons notre commission \u00e0 2 % de la prime.<\/p>\n","protected":false},"excerpt":{"rendered":"<p>L\u2019assurance vie et le plan pension sont des formules \u00e0 capitalisation \u00e0 65 ans et ont chacune leur sp\u00e9cificit\u00e9. Elles peuvent toutes deux couvrir le risque d\u00e9c\u00e8s. Il y a un capital fixe et g\u00e9n\u00e9ralement une participation b\u00e9n\u00e9ficiaire. Cette forme de capitalisation \u00e0 l\u2019\u00e2ge de la pension est fiscalement d\u00e9ductible en fonction des revenus professionnels. [&hellip;]<\/p>\n","protected":false},"author":1,"featured_media":0,"parent":1256,"menu_order":0,"comment_status":"closed","ping_status":"closed","template":"page-producten.php","meta":{"footnotes":""},"class_list":["post-1233","page","type-page","status-publish","hentry"],"yoast_head":"<!-- This site is optimized with the Yoast SEO plugin v21.8 - https:\/\/yoast.com\/wordpress\/plugins\/seo\/ -->\n<title>Assurance vie et pension - Katleen Colaert<\/title>\n<meta name=\"robots\" content=\"index, follow, max-snippet:-1, max-image-preview:large, max-video-preview:-1\" \/>\n<link rel=\"canonical\" href=\"https:\/\/fr.katleencolaert.be\/fr\/particuliers\/assurance-vie-et-pension\/\" \/>\n<meta property=\"og:locale\" content=\"fr_FR\" \/>\n<meta property=\"og:type\" content=\"article\" \/>\n<meta property=\"og:title\" content=\"Assurance vie et pension - Katleen Colaert\" \/>\n<meta property=\"og:description\" content=\"L\u2019assurance vie et le plan pension sont des formules \u00e0 capitalisation \u00e0 65 ans et ont chacune leur sp\u00e9cificit\u00e9. Elles peuvent toutes deux couvrir le risque d\u00e9c\u00e8s. Il y a un capital fixe et g\u00e9n\u00e9ralement une participation b\u00e9n\u00e9ficiaire. Cette forme de capitalisation \u00e0 l\u2019\u00e2ge de la pension est fiscalement d\u00e9ductible en fonction des revenus professionnels. [&hellip;]\" \/>\n<meta property=\"og:url\" content=\"https:\/\/fr.katleencolaert.be\/fr\/particuliers\/assurance-vie-et-pension\/\" \/>\n<meta property=\"og:site_name\" content=\"Katleen Colaert\" \/>\n<meta name=\"twitter:label1\" content=\"Est. reading time\" \/>\n\t<meta name=\"twitter:data1\" content=\"1 minute\" \/>\n<script type=\"application\/ld+json\" class=\"yoast-schema-graph\">{\"@context\":\"https:\/\/schema.org\",\"@graph\":[{\"@type\":\"WebPage\",\"@id\":\"https:\/\/fr.katleencolaert.be\/fr\/particuliers\/assurance-vie-et-pension\/\",\"url\":\"https:\/\/fr.katleencolaert.be\/fr\/particuliers\/assurance-vie-et-pension\/\",\"name\":\"Assurance vie et pension - Katleen Colaert\",\"isPartOf\":{\"@id\":\"https:\/\/fr.katleencolaert.be\/fr\/#website\"},\"datePublished\":\"2014-08-12T14:51:33+00:00\",\"dateModified\":\"2014-08-12T14:51:33+00:00\",\"breadcrumb\":{\"@id\":\"https:\/\/fr.katleencolaert.be\/fr\/particuliers\/assurance-vie-et-pension\/#breadcrumb\"},\"inLanguage\":\"fr-FR\",\"potentialAction\":[{\"@type\":\"ReadAction\",\"target\":[\"https:\/\/fr.katleencolaert.be\/fr\/particuliers\/assurance-vie-et-pension\/\"]}]},{\"@type\":\"BreadcrumbList\",\"@id\":\"https:\/\/fr.katleencolaert.be\/fr\/particuliers\/assurance-vie-et-pension\/#breadcrumb\",\"itemListElement\":[{\"@type\":\"ListItem\",\"position\":1,\"name\":\"Accueil\",\"item\":\"https:\/\/fr.katleencolaert.be\/fr\/\"},{\"@type\":\"ListItem\",\"position\":2,\"name\":\"Particuliers\",\"item\":\"https:\/\/fr.katleencolaert.be\/fr\/particuliers\/\"},{\"@type\":\"ListItem\",\"position\":3,\"name\":\"Assurance vie et pension\"}]},{\"@type\":\"WebSite\",\"@id\":\"https:\/\/fr.katleencolaert.be\/fr\/#website\",\"url\":\"https:\/\/fr.katleencolaert.be\/fr\/\",\"name\":\"Katleen Colaert\",\"description\":\"Choisissez pour votre s\u00e9curit\u00e9 et profitez de la vie.\",\"potentialAction\":[{\"@type\":\"SearchAction\",\"target\":{\"@type\":\"EntryPoint\",\"urlTemplate\":\"https:\/\/fr.katleencolaert.be\/fr\/?s={search_term_string}\"},\"query-input\":\"required name=search_term_string\"}],\"inLanguage\":\"fr-FR\"}]}<\/script>\n<!-- \/ Yoast SEO plugin. -->","yoast_head_json":{"title":"Assurance vie et pension - Katleen Colaert","robots":{"index":"index","follow":"follow","max-snippet":"max-snippet:-1","max-image-preview":"max-image-preview:large","max-video-preview":"max-video-preview:-1"},"canonical":"https:\/\/fr.katleencolaert.be\/fr\/particuliers\/assurance-vie-et-pension\/","og_locale":"fr_FR","og_type":"article","og_title":"Assurance vie et pension - Katleen Colaert","og_description":"L\u2019assurance vie et le plan pension sont des formules \u00e0 capitalisation \u00e0 65 ans et ont chacune leur sp\u00e9cificit\u00e9. Elles peuvent toutes deux couvrir le risque d\u00e9c\u00e8s. Il y a un capital fixe et g\u00e9n\u00e9ralement une participation b\u00e9n\u00e9ficiaire. Cette forme de capitalisation \u00e0 l\u2019\u00e2ge de la pension est fiscalement d\u00e9ductible en fonction des revenus professionnels. [&hellip;]","og_url":"https:\/\/fr.katleencolaert.be\/fr\/particuliers\/assurance-vie-et-pension\/","og_site_name":"Katleen Colaert","twitter_misc":{"Est. reading time":"1 minute"},"schema":{"@context":"https:\/\/schema.org","@graph":[{"@type":"WebPage","@id":"https:\/\/fr.katleencolaert.be\/fr\/particuliers\/assurance-vie-et-pension\/","url":"https:\/\/fr.katleencolaert.be\/fr\/particuliers\/assurance-vie-et-pension\/","name":"Assurance vie et pension - Katleen Colaert","isPartOf":{"@id":"https:\/\/fr.katleencolaert.be\/fr\/#website"},"datePublished":"2014-08-12T14:51:33+00:00","dateModified":"2014-08-12T14:51:33+00:00","breadcrumb":{"@id":"https:\/\/fr.katleencolaert.be\/fr\/particuliers\/assurance-vie-et-pension\/#breadcrumb"},"inLanguage":"fr-FR","potentialAction":[{"@type":"ReadAction","target":["https:\/\/fr.katleencolaert.be\/fr\/particuliers\/assurance-vie-et-pension\/"]}]},{"@type":"BreadcrumbList","@id":"https:\/\/fr.katleencolaert.be\/fr\/particuliers\/assurance-vie-et-pension\/#breadcrumb","itemListElement":[{"@type":"ListItem","position":1,"name":"Accueil","item":"https:\/\/fr.katleencolaert.be\/fr\/"},{"@type":"ListItem","position":2,"name":"Particuliers","item":"https:\/\/fr.katleencolaert.be\/fr\/particuliers\/"},{"@type":"ListItem","position":3,"name":"Assurance vie et pension"}]},{"@type":"WebSite","@id":"https:\/\/fr.katleencolaert.be\/fr\/#website","url":"https:\/\/fr.katleencolaert.be\/fr\/","name":"Katleen Colaert","description":"Choisissez pour votre s\u00e9curit\u00e9 et profitez de la vie.","potentialAction":[{"@type":"SearchAction","target":{"@type":"EntryPoint","urlTemplate":"https:\/\/fr.katleencolaert.be\/fr\/?s={search_term_string}"},"query-input":"required name=search_term_string"}],"inLanguage":"fr-FR"}]}},"_links":{"self":[{"href":"https:\/\/fr.katleencolaert.be\/fr\/wp-json\/wp\/v2\/pages\/1233","targetHints":{"allow":["GET"]}}],"collection":[{"href":"https:\/\/fr.katleencolaert.be\/fr\/wp-json\/wp\/v2\/pages"}],"about":[{"href":"https:\/\/fr.katleencolaert.be\/fr\/wp-json\/wp\/v2\/types\/page"}],"author":[{"embeddable":true,"href":"https:\/\/fr.katleencolaert.be\/fr\/wp-json\/wp\/v2\/users\/1"}],"replies":[{"embeddable":true,"href":"https:\/\/fr.katleencolaert.be\/fr\/wp-json\/wp\/v2\/comments?post=1233"}],"version-history":[{"count":1,"href":"https:\/\/fr.katleencolaert.be\/fr\/wp-json\/wp\/v2\/pages\/1233\/revisions"}],"predecessor-version":[{"id":1234,"href":"https:\/\/fr.katleencolaert.be\/fr\/wp-json\/wp\/v2\/pages\/1233\/revisions\/1234"}],"up":[{"embeddable":true,"href":"https:\/\/fr.katleencolaert.be\/fr\/wp-json\/wp\/v2\/pages\/1256"}],"wp:attachment":[{"href":"https:\/\/fr.katleencolaert.be\/fr\/wp-json\/wp\/v2\/media?parent=1233"}],"curies":[{"name":"wp","href":"https:\/\/api.w.org\/{rel}","templated":true}]}}