{"id":1230,"date":"2014-08-12T15:49:35","date_gmt":"2014-08-12T14:49:35","guid":{"rendered":"http:\/\/templatefr.crmtest.be\/?page_id=1230"},"modified":"2014-08-12T15:49:35","modified_gmt":"2014-08-12T14:49:35","slug":"hospitalisation","status":"publish","type":"page","link":"https:\/\/fr.katleencolaert.be\/fr\/particuliers\/hospitalisation\/","title":{"rendered":"Hospitalisation"},"content":{"rendered":"<p>Gr\u00e2ce \u00e0 la qualit\u00e9 de notre s\u00e9curit\u00e9 sociale en Belgique, on pourrait croire qu\u2019une couverture hospitalisation est superflue. Rien n\u2019est moins vrai. Une maladie peut vous frapper ou un membre de votre famille mais tous les frais d\u2019hospitalisation ne sont pas pris en charge par votre mutuelle.<\/p>\n<p>Le mat\u00e9riel m\u00e9dical, certains m\u00e9dicaments et le suppl\u00e9ment pour une chambre individuelle restent \u00e0 charge du patient. Le co\u00fbt peut en \u00eatre \u00e9lev\u00e9.<\/p>\n<p>Vous b\u00e9n\u00e9ficiez imm\u00e9diatement d\u2019un remboursement complet non seulement des frais d\u2019hospitalisation mais \u00e9galement des frais ambulatoires un mois avant(imagerie m\u00e9dicale) et trois mois apr\u00e8s l\u2019hospitalisation(kin\u00e9).<\/p>\n<p>Les frais ambulatoires en cas de maladie grave, sans hospitalisation, sont pris en charge.<\/p>\n<p>Attention: les mutuelles offrent \u00e9galement un compl\u00e9ment pour chambre individuelle mais les garanties sont plus limit\u00e9es qu\u2019aupr\u00e8s des assureurs priv\u00e9s.<\/p>\n","protected":false},"excerpt":{"rendered":"<p>Gr\u00e2ce \u00e0 la qualit\u00e9 de notre s\u00e9curit\u00e9 sociale en Belgique, on pourrait croire qu\u2019une couverture hospitalisation est superflue. Rien n\u2019est moins vrai. Une maladie peut vous frapper ou un membre de votre famille mais tous les frais d\u2019hospitalisation ne sont pas pris en charge par votre mutuelle. Le mat\u00e9riel m\u00e9dical, certains m\u00e9dicaments et le suppl\u00e9ment [&hellip;]<\/p>\n","protected":false},"author":1,"featured_media":0,"parent":1256,"menu_order":0,"comment_status":"closed","ping_status":"closed","template":"page-producten.php","meta":{"footnotes":""},"class_list":["post-1230","page","type-page","status-publish","hentry"],"yoast_head":"<!-- This site is optimized with the Yoast SEO plugin v21.8 - https:\/\/yoast.com\/wordpress\/plugins\/seo\/ -->\n<title>Hospitalisation - Katleen Colaert<\/title>\n<meta name=\"robots\" content=\"index, follow, max-snippet:-1, max-image-preview:large, max-video-preview:-1\" \/>\n<link rel=\"canonical\" href=\"https:\/\/fr.katleencolaert.be\/fr\/particuliers\/hospitalisation\/\" \/>\n<meta property=\"og:locale\" content=\"fr_FR\" \/>\n<meta property=\"og:type\" content=\"article\" \/>\n<meta property=\"og:title\" content=\"Hospitalisation - Katleen Colaert\" \/>\n<meta property=\"og:description\" content=\"Gr\u00e2ce \u00e0 la qualit\u00e9 de notre s\u00e9curit\u00e9 sociale en Belgique, on pourrait croire qu\u2019une couverture hospitalisation est superflue. Rien n\u2019est moins vrai. Une maladie peut vous frapper ou un membre de votre famille mais tous les frais d\u2019hospitalisation ne sont pas pris en charge par votre mutuelle. Le mat\u00e9riel m\u00e9dical, certains m\u00e9dicaments et le suppl\u00e9ment [&hellip;]\" \/>\n<meta property=\"og:url\" content=\"https:\/\/fr.katleencolaert.be\/fr\/particuliers\/hospitalisation\/\" \/>\n<meta property=\"og:site_name\" content=\"Katleen Colaert\" \/>\n<meta name=\"twitter:label1\" content=\"Est. reading time\" \/>\n\t<meta name=\"twitter:data1\" content=\"1 minute\" \/>\n<script type=\"application\/ld+json\" class=\"yoast-schema-graph\">{\"@context\":\"https:\/\/schema.org\",\"@graph\":[{\"@type\":\"WebPage\",\"@id\":\"https:\/\/fr.katleencolaert.be\/fr\/particuliers\/hospitalisation\/\",\"url\":\"https:\/\/fr.katleencolaert.be\/fr\/particuliers\/hospitalisation\/\",\"name\":\"Hospitalisation - Katleen Colaert\",\"isPartOf\":{\"@id\":\"https:\/\/fr.katleencolaert.be\/fr\/#website\"},\"datePublished\":\"2014-08-12T14:49:35+00:00\",\"dateModified\":\"2014-08-12T14:49:35+00:00\",\"breadcrumb\":{\"@id\":\"https:\/\/fr.katleencolaert.be\/fr\/particuliers\/hospitalisation\/#breadcrumb\"},\"inLanguage\":\"fr-FR\",\"potentialAction\":[{\"@type\":\"ReadAction\",\"target\":[\"https:\/\/fr.katleencolaert.be\/fr\/particuliers\/hospitalisation\/\"]}]},{\"@type\":\"BreadcrumbList\",\"@id\":\"https:\/\/fr.katleencolaert.be\/fr\/particuliers\/hospitalisation\/#breadcrumb\",\"itemListElement\":[{\"@type\":\"ListItem\",\"position\":1,\"name\":\"Accueil\",\"item\":\"https:\/\/fr.katleencolaert.be\/fr\/\"},{\"@type\":\"ListItem\",\"position\":2,\"name\":\"Particuliers\",\"item\":\"https:\/\/fr.katleencolaert.be\/fr\/particuliers\/\"},{\"@type\":\"ListItem\",\"position\":3,\"name\":\"Hospitalisation\"}]},{\"@type\":\"WebSite\",\"@id\":\"https:\/\/fr.katleencolaert.be\/fr\/#website\",\"url\":\"https:\/\/fr.katleencolaert.be\/fr\/\",\"name\":\"Katleen Colaert\",\"description\":\"Choisissez pour votre s\u00e9curit\u00e9 et profitez de la vie.\",\"potentialAction\":[{\"@type\":\"SearchAction\",\"target\":{\"@type\":\"EntryPoint\",\"urlTemplate\":\"https:\/\/fr.katleencolaert.be\/fr\/?s={search_term_string}\"},\"query-input\":\"required name=search_term_string\"}],\"inLanguage\":\"fr-FR\"}]}<\/script>\n<!-- \/ Yoast SEO plugin. -->","yoast_head_json":{"title":"Hospitalisation - Katleen Colaert","robots":{"index":"index","follow":"follow","max-snippet":"max-snippet:-1","max-image-preview":"max-image-preview:large","max-video-preview":"max-video-preview:-1"},"canonical":"https:\/\/fr.katleencolaert.be\/fr\/particuliers\/hospitalisation\/","og_locale":"fr_FR","og_type":"article","og_title":"Hospitalisation - Katleen Colaert","og_description":"Gr\u00e2ce \u00e0 la qualit\u00e9 de notre s\u00e9curit\u00e9 sociale en Belgique, on pourrait croire qu\u2019une couverture hospitalisation est superflue. Rien n\u2019est moins vrai. Une maladie peut vous frapper ou un membre de votre famille mais tous les frais d\u2019hospitalisation ne sont pas pris en charge par votre mutuelle. Le mat\u00e9riel m\u00e9dical, certains m\u00e9dicaments et le suppl\u00e9ment [&hellip;]","og_url":"https:\/\/fr.katleencolaert.be\/fr\/particuliers\/hospitalisation\/","og_site_name":"Katleen Colaert","twitter_misc":{"Est. reading time":"1 minute"},"schema":{"@context":"https:\/\/schema.org","@graph":[{"@type":"WebPage","@id":"https:\/\/fr.katleencolaert.be\/fr\/particuliers\/hospitalisation\/","url":"https:\/\/fr.katleencolaert.be\/fr\/particuliers\/hospitalisation\/","name":"Hospitalisation - Katleen Colaert","isPartOf":{"@id":"https:\/\/fr.katleencolaert.be\/fr\/#website"},"datePublished":"2014-08-12T14:49:35+00:00","dateModified":"2014-08-12T14:49:35+00:00","breadcrumb":{"@id":"https:\/\/fr.katleencolaert.be\/fr\/particuliers\/hospitalisation\/#breadcrumb"},"inLanguage":"fr-FR","potentialAction":[{"@type":"ReadAction","target":["https:\/\/fr.katleencolaert.be\/fr\/particuliers\/hospitalisation\/"]}]},{"@type":"BreadcrumbList","@id":"https:\/\/fr.katleencolaert.be\/fr\/particuliers\/hospitalisation\/#breadcrumb","itemListElement":[{"@type":"ListItem","position":1,"name":"Accueil","item":"https:\/\/fr.katleencolaert.be\/fr\/"},{"@type":"ListItem","position":2,"name":"Particuliers","item":"https:\/\/fr.katleencolaert.be\/fr\/particuliers\/"},{"@type":"ListItem","position":3,"name":"Hospitalisation"}]},{"@type":"WebSite","@id":"https:\/\/fr.katleencolaert.be\/fr\/#website","url":"https:\/\/fr.katleencolaert.be\/fr\/","name":"Katleen Colaert","description":"Choisissez pour votre s\u00e9curit\u00e9 et profitez de la vie.","potentialAction":[{"@type":"SearchAction","target":{"@type":"EntryPoint","urlTemplate":"https:\/\/fr.katleencolaert.be\/fr\/?s={search_term_string}"},"query-input":"required name=search_term_string"}],"inLanguage":"fr-FR"}]}},"_links":{"self":[{"href":"https:\/\/fr.katleencolaert.be\/fr\/wp-json\/wp\/v2\/pages\/1230","targetHints":{"allow":["GET"]}}],"collection":[{"href":"https:\/\/fr.katleencolaert.be\/fr\/wp-json\/wp\/v2\/pages"}],"about":[{"href":"https:\/\/fr.katleencolaert.be\/fr\/wp-json\/wp\/v2\/types\/page"}],"author":[{"embeddable":true,"href":"https:\/\/fr.katleencolaert.be\/fr\/wp-json\/wp\/v2\/users\/1"}],"replies":[{"embeddable":true,"href":"https:\/\/fr.katleencolaert.be\/fr\/wp-json\/wp\/v2\/comments?post=1230"}],"version-history":[{"count":1,"href":"https:\/\/fr.katleencolaert.be\/fr\/wp-json\/wp\/v2\/pages\/1230\/revisions"}],"predecessor-version":[{"id":1231,"href":"https:\/\/fr.katleencolaert.be\/fr\/wp-json\/wp\/v2\/pages\/1230\/revisions\/1231"}],"up":[{"embeddable":true,"href":"https:\/\/fr.katleencolaert.be\/fr\/wp-json\/wp\/v2\/pages\/1256"}],"wp:attachment":[{"href":"https:\/\/fr.katleencolaert.be\/fr\/wp-json\/wp\/v2\/media?parent=1230"}],"curies":[{"name":"wp","href":"https:\/\/api.w.org\/{rel}","templated":true}]}}