{"id":1227,"date":"2014-08-12T15:46:51","date_gmt":"2014-08-12T14:46:51","guid":{"rendered":"http:\/\/templatefr.crmtest.be\/?page_id=1227"},"modified":"2014-08-12T15:46:51","modified_gmt":"2014-08-12T14:46:51","slug":"gens-de-maison","status":"publish","type":"page","link":"https:\/\/fr.katleencolaert.be\/fr\/particuliers\/gens-de-maison\/","title":{"rendered":"Gens de maison"},"content":{"rendered":"<p>Le personnel domestique doit \u00eatre inscrit \u00e0 la s\u00e9curit\u00e9 sociale d\u00e8s qu\u2019une personne travaille \u00e0 votre service plus de 4 heures par jour et\/ou plus de 24 heures semaine.<\/p>\n<p>Si votre femme de m\u00e9nage ne travaille que quelqes heures, elle DOIT n\u00e9anmoins \u00eatre assur\u00e9e contre les accidents mais pas n\u00e9cessairement inscrite.<\/p>\n<p>Pour une cinquantaine d\u2019euros l\u2019an, l\u2019ensemble du personnel- m\u00eame occasionnel- est assur\u00e9: femme de m\u00e9nage, babysitter,jardinier.<\/p>\n","protected":false},"excerpt":{"rendered":"<p>Le personnel domestique doit \u00eatre inscrit \u00e0 la s\u00e9curit\u00e9 sociale d\u00e8s qu\u2019une personne travaille \u00e0 votre service plus de 4 heures par jour et\/ou plus de 24 heures semaine. Si votre femme de m\u00e9nage ne travaille que quelqes heures, elle DOIT n\u00e9anmoins \u00eatre assur\u00e9e contre les accidents mais pas n\u00e9cessairement inscrite. Pour une cinquantaine d\u2019euros [&hellip;]<\/p>\n","protected":false},"author":1,"featured_media":0,"parent":1256,"menu_order":0,"comment_status":"closed","ping_status":"closed","template":"page-producten.php","meta":{"footnotes":""},"class_list":["post-1227","page","type-page","status-publish","hentry"],"yoast_head":"<!-- This site is optimized with the Yoast SEO plugin v21.8 - https:\/\/yoast.com\/wordpress\/plugins\/seo\/ -->\n<title>Gens de maison - Katleen Colaert<\/title>\n<meta name=\"robots\" content=\"index, follow, max-snippet:-1, max-image-preview:large, max-video-preview:-1\" \/>\n<link rel=\"canonical\" href=\"https:\/\/fr.katleencolaert.be\/fr\/particuliers\/gens-de-maison\/\" \/>\n<meta property=\"og:locale\" content=\"fr_FR\" \/>\n<meta property=\"og:type\" content=\"article\" \/>\n<meta property=\"og:title\" content=\"Gens de maison - Katleen Colaert\" \/>\n<meta property=\"og:description\" content=\"Le personnel domestique doit \u00eatre inscrit \u00e0 la s\u00e9curit\u00e9 sociale d\u00e8s qu\u2019une personne travaille \u00e0 votre service plus de 4 heures par jour et\/ou plus de 24 heures semaine. Si votre femme de m\u00e9nage ne travaille que quelqes heures, elle DOIT n\u00e9anmoins \u00eatre assur\u00e9e contre les accidents mais pas n\u00e9cessairement inscrite. Pour une cinquantaine d\u2019euros [&hellip;]\" \/>\n<meta property=\"og:url\" content=\"https:\/\/fr.katleencolaert.be\/fr\/particuliers\/gens-de-maison\/\" \/>\n<meta property=\"og:site_name\" content=\"Katleen Colaert\" \/>\n<script type=\"application\/ld+json\" class=\"yoast-schema-graph\">{\"@context\":\"https:\/\/schema.org\",\"@graph\":[{\"@type\":\"WebPage\",\"@id\":\"https:\/\/fr.katleencolaert.be\/fr\/particuliers\/gens-de-maison\/\",\"url\":\"https:\/\/fr.katleencolaert.be\/fr\/particuliers\/gens-de-maison\/\",\"name\":\"Gens de maison - Katleen Colaert\",\"isPartOf\":{\"@id\":\"https:\/\/fr.katleencolaert.be\/fr\/#website\"},\"datePublished\":\"2014-08-12T14:46:51+00:00\",\"dateModified\":\"2014-08-12T14:46:51+00:00\",\"breadcrumb\":{\"@id\":\"https:\/\/fr.katleencolaert.be\/fr\/particuliers\/gens-de-maison\/#breadcrumb\"},\"inLanguage\":\"fr-FR\",\"potentialAction\":[{\"@type\":\"ReadAction\",\"target\":[\"https:\/\/fr.katleencolaert.be\/fr\/particuliers\/gens-de-maison\/\"]}]},{\"@type\":\"BreadcrumbList\",\"@id\":\"https:\/\/fr.katleencolaert.be\/fr\/particuliers\/gens-de-maison\/#breadcrumb\",\"itemListElement\":[{\"@type\":\"ListItem\",\"position\":1,\"name\":\"Accueil\",\"item\":\"https:\/\/fr.katleencolaert.be\/fr\/\"},{\"@type\":\"ListItem\",\"position\":2,\"name\":\"Particuliers\",\"item\":\"https:\/\/fr.katleencolaert.be\/fr\/particuliers\/\"},{\"@type\":\"ListItem\",\"position\":3,\"name\":\"Gens de maison\"}]},{\"@type\":\"WebSite\",\"@id\":\"https:\/\/fr.katleencolaert.be\/fr\/#website\",\"url\":\"https:\/\/fr.katleencolaert.be\/fr\/\",\"name\":\"Katleen Colaert\",\"description\":\"Choisissez pour votre s\u00e9curit\u00e9 et profitez de la vie.\",\"potentialAction\":[{\"@type\":\"SearchAction\",\"target\":{\"@type\":\"EntryPoint\",\"urlTemplate\":\"https:\/\/fr.katleencolaert.be\/fr\/?s={search_term_string}\"},\"query-input\":\"required name=search_term_string\"}],\"inLanguage\":\"fr-FR\"}]}<\/script>\n<!-- \/ Yoast SEO plugin. -->","yoast_head_json":{"title":"Gens de maison - Katleen Colaert","robots":{"index":"index","follow":"follow","max-snippet":"max-snippet:-1","max-image-preview":"max-image-preview:large","max-video-preview":"max-video-preview:-1"},"canonical":"https:\/\/fr.katleencolaert.be\/fr\/particuliers\/gens-de-maison\/","og_locale":"fr_FR","og_type":"article","og_title":"Gens de maison - Katleen Colaert","og_description":"Le personnel domestique doit \u00eatre inscrit \u00e0 la s\u00e9curit\u00e9 sociale d\u00e8s qu\u2019une personne travaille \u00e0 votre service plus de 4 heures par jour et\/ou plus de 24 heures semaine. Si votre femme de m\u00e9nage ne travaille que quelqes heures, elle DOIT n\u00e9anmoins \u00eatre assur\u00e9e contre les accidents mais pas n\u00e9cessairement inscrite. Pour une cinquantaine d\u2019euros [&hellip;]","og_url":"https:\/\/fr.katleencolaert.be\/fr\/particuliers\/gens-de-maison\/","og_site_name":"Katleen Colaert","schema":{"@context":"https:\/\/schema.org","@graph":[{"@type":"WebPage","@id":"https:\/\/fr.katleencolaert.be\/fr\/particuliers\/gens-de-maison\/","url":"https:\/\/fr.katleencolaert.be\/fr\/particuliers\/gens-de-maison\/","name":"Gens de maison - Katleen Colaert","isPartOf":{"@id":"https:\/\/fr.katleencolaert.be\/fr\/#website"},"datePublished":"2014-08-12T14:46:51+00:00","dateModified":"2014-08-12T14:46:51+00:00","breadcrumb":{"@id":"https:\/\/fr.katleencolaert.be\/fr\/particuliers\/gens-de-maison\/#breadcrumb"},"inLanguage":"fr-FR","potentialAction":[{"@type":"ReadAction","target":["https:\/\/fr.katleencolaert.be\/fr\/particuliers\/gens-de-maison\/"]}]},{"@type":"BreadcrumbList","@id":"https:\/\/fr.katleencolaert.be\/fr\/particuliers\/gens-de-maison\/#breadcrumb","itemListElement":[{"@type":"ListItem","position":1,"name":"Accueil","item":"https:\/\/fr.katleencolaert.be\/fr\/"},{"@type":"ListItem","position":2,"name":"Particuliers","item":"https:\/\/fr.katleencolaert.be\/fr\/particuliers\/"},{"@type":"ListItem","position":3,"name":"Gens de maison"}]},{"@type":"WebSite","@id":"https:\/\/fr.katleencolaert.be\/fr\/#website","url":"https:\/\/fr.katleencolaert.be\/fr\/","name":"Katleen Colaert","description":"Choisissez pour votre s\u00e9curit\u00e9 et profitez de la vie.","potentialAction":[{"@type":"SearchAction","target":{"@type":"EntryPoint","urlTemplate":"https:\/\/fr.katleencolaert.be\/fr\/?s={search_term_string}"},"query-input":"required name=search_term_string"}],"inLanguage":"fr-FR"}]}},"_links":{"self":[{"href":"https:\/\/fr.katleencolaert.be\/fr\/wp-json\/wp\/v2\/pages\/1227","targetHints":{"allow":["GET"]}}],"collection":[{"href":"https:\/\/fr.katleencolaert.be\/fr\/wp-json\/wp\/v2\/pages"}],"about":[{"href":"https:\/\/fr.katleencolaert.be\/fr\/wp-json\/wp\/v2\/types\/page"}],"author":[{"embeddable":true,"href":"https:\/\/fr.katleencolaert.be\/fr\/wp-json\/wp\/v2\/users\/1"}],"replies":[{"embeddable":true,"href":"https:\/\/fr.katleencolaert.be\/fr\/wp-json\/wp\/v2\/comments?post=1227"}],"version-history":[{"count":1,"href":"https:\/\/fr.katleencolaert.be\/fr\/wp-json\/wp\/v2\/pages\/1227\/revisions"}],"predecessor-version":[{"id":1228,"href":"https:\/\/fr.katleencolaert.be\/fr\/wp-json\/wp\/v2\/pages\/1227\/revisions\/1228"}],"up":[{"embeddable":true,"href":"https:\/\/fr.katleencolaert.be\/fr\/wp-json\/wp\/v2\/pages\/1256"}],"wp:attachment":[{"href":"https:\/\/fr.katleencolaert.be\/fr\/wp-json\/wp\/v2\/media?parent=1227"}],"curies":[{"name":"wp","href":"https:\/\/api.w.org\/{rel}","templated":true}]}}