{"id":1224,"date":"2014-08-12T15:44:52","date_gmt":"2014-08-12T14:44:52","guid":{"rendered":"http:\/\/templatefr.crmtest.be\/?page_id=1224"},"modified":"2014-08-12T15:44:52","modified_gmt":"2014-08-12T14:44:52","slug":"la-responsabilite-familiale","status":"publish","type":"page","link":"https:\/\/fr.katleencolaert.be\/fr\/particuliers\/la-responsabilite-familiale\/","title":{"rendered":"La responsabilit\u00e9 familiale"},"content":{"rendered":"<p>Cette couverture ne peut pas manquer dans le portefeuille d\u2019un bon p\u00e8re de famille.<\/p>\n<p>Cette police indemnisera un tiers suite \u00e0 un dommage accidentel provoqu\u00e9 par l\u2019assur\u00e9 ou par toute personne habitant sous son toit. Sont \u00e9galement couverts les accidents provoqu\u00e9s \u00e0 des tiers par les gens de maison ou une babysitter \u00e0 votre service.<\/p>\n<p>Les dommages provoqu\u00e9s par un animal domestique sont inclus.<\/p>\n<p>Vous-m\u00eame ou votre enfant peuvent comme pi\u00e9ton ou comme cycliste, provoquer un accident: sans RC familiale les cons\u00e9quences peuvent \u00eatre graves.Pour une prime minime vous \u00eates tranquille.<\/p>\n<p>Une couverture d\u00e9fense en justice est comprise, ce qui vous aidera \u00e0 r\u00e9cup\u00e9rer un dommage provoqu\u00e9 par un tiers.<\/p>\n","protected":false},"excerpt":{"rendered":"<p>Cette couverture ne peut pas manquer dans le portefeuille d\u2019un bon p\u00e8re de famille. Cette police indemnisera un tiers suite \u00e0 un dommage accidentel provoqu\u00e9 par l\u2019assur\u00e9 ou par toute personne habitant sous son toit. Sont \u00e9galement couverts les accidents provoqu\u00e9s \u00e0 des tiers par les gens de maison ou une babysitter \u00e0 votre service. [&hellip;]<\/p>\n","protected":false},"author":1,"featured_media":0,"parent":1256,"menu_order":0,"comment_status":"closed","ping_status":"closed","template":"page-producten.php","meta":{"footnotes":""},"class_list":["post-1224","page","type-page","status-publish","hentry"],"yoast_head":"<!-- This site is optimized with the Yoast SEO plugin v21.8 - https:\/\/yoast.com\/wordpress\/plugins\/seo\/ -->\n<title>La responsabilit\u00e9 familiale - Katleen Colaert<\/title>\n<meta name=\"robots\" content=\"index, follow, max-snippet:-1, max-image-preview:large, max-video-preview:-1\" \/>\n<link rel=\"canonical\" href=\"https:\/\/fr.katleencolaert.be\/fr\/particuliers\/la-responsabilite-familiale\/\" \/>\n<meta property=\"og:locale\" content=\"fr_FR\" \/>\n<meta property=\"og:type\" content=\"article\" \/>\n<meta property=\"og:title\" content=\"La responsabilit\u00e9 familiale - Katleen Colaert\" \/>\n<meta property=\"og:description\" content=\"Cette couverture ne peut pas manquer dans le portefeuille d\u2019un bon p\u00e8re de famille. Cette police indemnisera un tiers suite \u00e0 un dommage accidentel provoqu\u00e9 par l\u2019assur\u00e9 ou par toute personne habitant sous son toit. Sont \u00e9galement couverts les accidents provoqu\u00e9s \u00e0 des tiers par les gens de maison ou une babysitter \u00e0 votre service. [&hellip;]\" \/>\n<meta property=\"og:url\" content=\"https:\/\/fr.katleencolaert.be\/fr\/particuliers\/la-responsabilite-familiale\/\" \/>\n<meta property=\"og:site_name\" content=\"Katleen Colaert\" \/>\n<meta name=\"twitter:label1\" content=\"Est. reading time\" \/>\n\t<meta name=\"twitter:data1\" content=\"1 minute\" \/>\n<script type=\"application\/ld+json\" class=\"yoast-schema-graph\">{\"@context\":\"https:\/\/schema.org\",\"@graph\":[{\"@type\":\"WebPage\",\"@id\":\"https:\/\/fr.katleencolaert.be\/fr\/particuliers\/la-responsabilite-familiale\/\",\"url\":\"https:\/\/fr.katleencolaert.be\/fr\/particuliers\/la-responsabilite-familiale\/\",\"name\":\"La responsabilit\u00e9 familiale - Katleen Colaert\",\"isPartOf\":{\"@id\":\"https:\/\/fr.katleencolaert.be\/fr\/#website\"},\"datePublished\":\"2014-08-12T14:44:52+00:00\",\"dateModified\":\"2014-08-12T14:44:52+00:00\",\"breadcrumb\":{\"@id\":\"https:\/\/fr.katleencolaert.be\/fr\/particuliers\/la-responsabilite-familiale\/#breadcrumb\"},\"inLanguage\":\"fr-FR\",\"potentialAction\":[{\"@type\":\"ReadAction\",\"target\":[\"https:\/\/fr.katleencolaert.be\/fr\/particuliers\/la-responsabilite-familiale\/\"]}]},{\"@type\":\"BreadcrumbList\",\"@id\":\"https:\/\/fr.katleencolaert.be\/fr\/particuliers\/la-responsabilite-familiale\/#breadcrumb\",\"itemListElement\":[{\"@type\":\"ListItem\",\"position\":1,\"name\":\"Accueil\",\"item\":\"https:\/\/fr.katleencolaert.be\/fr\/\"},{\"@type\":\"ListItem\",\"position\":2,\"name\":\"Particuliers\",\"item\":\"https:\/\/fr.katleencolaert.be\/fr\/particuliers\/\"},{\"@type\":\"ListItem\",\"position\":3,\"name\":\"La responsabilit\u00e9 familiale\"}]},{\"@type\":\"WebSite\",\"@id\":\"https:\/\/fr.katleencolaert.be\/fr\/#website\",\"url\":\"https:\/\/fr.katleencolaert.be\/fr\/\",\"name\":\"Katleen Colaert\",\"description\":\"Choisissez pour votre s\u00e9curit\u00e9 et profitez de la vie.\",\"potentialAction\":[{\"@type\":\"SearchAction\",\"target\":{\"@type\":\"EntryPoint\",\"urlTemplate\":\"https:\/\/fr.katleencolaert.be\/fr\/?s={search_term_string}\"},\"query-input\":\"required name=search_term_string\"}],\"inLanguage\":\"fr-FR\"}]}<\/script>\n<!-- \/ Yoast SEO plugin. -->","yoast_head_json":{"title":"La responsabilit\u00e9 familiale - Katleen Colaert","robots":{"index":"index","follow":"follow","max-snippet":"max-snippet:-1","max-image-preview":"max-image-preview:large","max-video-preview":"max-video-preview:-1"},"canonical":"https:\/\/fr.katleencolaert.be\/fr\/particuliers\/la-responsabilite-familiale\/","og_locale":"fr_FR","og_type":"article","og_title":"La responsabilit\u00e9 familiale - Katleen Colaert","og_description":"Cette couverture ne peut pas manquer dans le portefeuille d\u2019un bon p\u00e8re de famille. Cette police indemnisera un tiers suite \u00e0 un dommage accidentel provoqu\u00e9 par l\u2019assur\u00e9 ou par toute personne habitant sous son toit. Sont \u00e9galement couverts les accidents provoqu\u00e9s \u00e0 des tiers par les gens de maison ou une babysitter \u00e0 votre service. [&hellip;]","og_url":"https:\/\/fr.katleencolaert.be\/fr\/particuliers\/la-responsabilite-familiale\/","og_site_name":"Katleen Colaert","twitter_misc":{"Est. reading time":"1 minute"},"schema":{"@context":"https:\/\/schema.org","@graph":[{"@type":"WebPage","@id":"https:\/\/fr.katleencolaert.be\/fr\/particuliers\/la-responsabilite-familiale\/","url":"https:\/\/fr.katleencolaert.be\/fr\/particuliers\/la-responsabilite-familiale\/","name":"La responsabilit\u00e9 familiale - Katleen Colaert","isPartOf":{"@id":"https:\/\/fr.katleencolaert.be\/fr\/#website"},"datePublished":"2014-08-12T14:44:52+00:00","dateModified":"2014-08-12T14:44:52+00:00","breadcrumb":{"@id":"https:\/\/fr.katleencolaert.be\/fr\/particuliers\/la-responsabilite-familiale\/#breadcrumb"},"inLanguage":"fr-FR","potentialAction":[{"@type":"ReadAction","target":["https:\/\/fr.katleencolaert.be\/fr\/particuliers\/la-responsabilite-familiale\/"]}]},{"@type":"BreadcrumbList","@id":"https:\/\/fr.katleencolaert.be\/fr\/particuliers\/la-responsabilite-familiale\/#breadcrumb","itemListElement":[{"@type":"ListItem","position":1,"name":"Accueil","item":"https:\/\/fr.katleencolaert.be\/fr\/"},{"@type":"ListItem","position":2,"name":"Particuliers","item":"https:\/\/fr.katleencolaert.be\/fr\/particuliers\/"},{"@type":"ListItem","position":3,"name":"La responsabilit\u00e9 familiale"}]},{"@type":"WebSite","@id":"https:\/\/fr.katleencolaert.be\/fr\/#website","url":"https:\/\/fr.katleencolaert.be\/fr\/","name":"Katleen Colaert","description":"Choisissez pour votre s\u00e9curit\u00e9 et profitez de la vie.","potentialAction":[{"@type":"SearchAction","target":{"@type":"EntryPoint","urlTemplate":"https:\/\/fr.katleencolaert.be\/fr\/?s={search_term_string}"},"query-input":"required name=search_term_string"}],"inLanguage":"fr-FR"}]}},"_links":{"self":[{"href":"https:\/\/fr.katleencolaert.be\/fr\/wp-json\/wp\/v2\/pages\/1224","targetHints":{"allow":["GET"]}}],"collection":[{"href":"https:\/\/fr.katleencolaert.be\/fr\/wp-json\/wp\/v2\/pages"}],"about":[{"href":"https:\/\/fr.katleencolaert.be\/fr\/wp-json\/wp\/v2\/types\/page"}],"author":[{"embeddable":true,"href":"https:\/\/fr.katleencolaert.be\/fr\/wp-json\/wp\/v2\/users\/1"}],"replies":[{"embeddable":true,"href":"https:\/\/fr.katleencolaert.be\/fr\/wp-json\/wp\/v2\/comments?post=1224"}],"version-history":[{"count":1,"href":"https:\/\/fr.katleencolaert.be\/fr\/wp-json\/wp\/v2\/pages\/1224\/revisions"}],"predecessor-version":[{"id":1225,"href":"https:\/\/fr.katleencolaert.be\/fr\/wp-json\/wp\/v2\/pages\/1224\/revisions\/1225"}],"up":[{"embeddable":true,"href":"https:\/\/fr.katleencolaert.be\/fr\/wp-json\/wp\/v2\/pages\/1256"}],"wp:attachment":[{"href":"https:\/\/fr.katleencolaert.be\/fr\/wp-json\/wp\/v2\/media?parent=1224"}],"curies":[{"name":"wp","href":"https:\/\/api.w.org\/{rel}","templated":true}]}}