{"id":1221,"date":"2014-08-12T15:42:40","date_gmt":"2014-08-12T14:42:40","guid":{"rendered":"http:\/\/templatefr.crmtest.be\/?page_id=1221"},"modified":"2014-08-12T15:42:40","modified_gmt":"2014-08-12T14:42:40","slug":"assistance-au-pays-ou-letranger","status":"publish","type":"page","link":"https:\/\/fr.katleencolaert.be\/fr\/particuliers\/assistance-au-pays-ou-letranger\/","title":{"rendered":"Assistance au pays ou \u00e0 l&rsquo;\u00e9tranger"},"content":{"rendered":"<p>Cette couverture assistance automobile vous garantit une aide efficace toute l\u2019ann\u00e9e en cas de probl\u00e8me avec le v\u00e9hicule. Vous serez assist\u00e9 pour quasi tout ce qui peut survenir \u00e0 la voiture tant en Belgique qu\u2019\u00e0 l\u2019\u00e9tranger.<\/p>\n<p>Une couverture assistance payera vos frais m\u00e9dicaux et d\u2019hospitalisation \u00e0 l\u2019\u00e9tranger ainsi que le rapatriement en cas de maladie ou d\u2019accident ,la venue d\u2019un membre de votre famille sur place,l\u2019accompagnement des enfants, les frais suppl\u00e9mentaires d\u2019h\u00f4tel etc.<\/p>\n<p>Diverses formules sont possibles en fonction de votre situation personnelle et de la fr\u00e9quence de vos d\u00e9placements. Une attention particuli\u00e8re doit \u00eatre donn\u00e9e aux vacances de ski.<\/p>\n","protected":false},"excerpt":{"rendered":"<p>Cette couverture assistance automobile vous garantit une aide efficace toute l\u2019ann\u00e9e en cas de probl\u00e8me avec le v\u00e9hicule. Vous serez assist\u00e9 pour quasi tout ce qui peut survenir \u00e0 la voiture tant en Belgique qu\u2019\u00e0 l\u2019\u00e9tranger. Une couverture assistance payera vos frais m\u00e9dicaux et d\u2019hospitalisation \u00e0 l\u2019\u00e9tranger ainsi que le rapatriement en cas de maladie [&hellip;]<\/p>\n","protected":false},"author":1,"featured_media":0,"parent":1256,"menu_order":0,"comment_status":"closed","ping_status":"closed","template":"page-producten.php","meta":{"footnotes":""},"class_list":["post-1221","page","type-page","status-publish","hentry"],"yoast_head":"<!-- This site is optimized with the Yoast SEO plugin v21.8 - https:\/\/yoast.com\/wordpress\/plugins\/seo\/ -->\n<title>Assistance au pays ou \u00e0 l&#039;\u00e9tranger - Katleen Colaert<\/title>\n<meta name=\"robots\" content=\"index, follow, max-snippet:-1, max-image-preview:large, max-video-preview:-1\" \/>\n<link rel=\"canonical\" href=\"https:\/\/fr.katleencolaert.be\/fr\/particuliers\/assistance-au-pays-ou-letranger\/\" \/>\n<meta property=\"og:locale\" content=\"fr_FR\" \/>\n<meta property=\"og:type\" content=\"article\" \/>\n<meta property=\"og:title\" content=\"Assistance au pays ou \u00e0 l&#039;\u00e9tranger - Katleen Colaert\" \/>\n<meta property=\"og:description\" content=\"Cette couverture assistance automobile vous garantit une aide efficace toute l\u2019ann\u00e9e en cas de probl\u00e8me avec le v\u00e9hicule. Vous serez assist\u00e9 pour quasi tout ce qui peut survenir \u00e0 la voiture tant en Belgique qu\u2019\u00e0 l\u2019\u00e9tranger. Une couverture assistance payera vos frais m\u00e9dicaux et d\u2019hospitalisation \u00e0 l\u2019\u00e9tranger ainsi que le rapatriement en cas de maladie [&hellip;]\" \/>\n<meta property=\"og:url\" content=\"https:\/\/fr.katleencolaert.be\/fr\/particuliers\/assistance-au-pays-ou-letranger\/\" \/>\n<meta property=\"og:site_name\" content=\"Katleen Colaert\" \/>\n<meta name=\"twitter:label1\" content=\"Est. reading time\" \/>\n\t<meta name=\"twitter:data1\" content=\"1 minute\" \/>\n<script type=\"application\/ld+json\" class=\"yoast-schema-graph\">{\"@context\":\"https:\/\/schema.org\",\"@graph\":[{\"@type\":\"WebPage\",\"@id\":\"https:\/\/fr.katleencolaert.be\/fr\/particuliers\/assistance-au-pays-ou-letranger\/\",\"url\":\"https:\/\/fr.katleencolaert.be\/fr\/particuliers\/assistance-au-pays-ou-letranger\/\",\"name\":\"Assistance au pays ou \u00e0 l'\u00e9tranger - Katleen Colaert\",\"isPartOf\":{\"@id\":\"https:\/\/fr.katleencolaert.be\/fr\/#website\"},\"datePublished\":\"2014-08-12T14:42:40+00:00\",\"dateModified\":\"2014-08-12T14:42:40+00:00\",\"breadcrumb\":{\"@id\":\"https:\/\/fr.katleencolaert.be\/fr\/particuliers\/assistance-au-pays-ou-letranger\/#breadcrumb\"},\"inLanguage\":\"fr-FR\",\"potentialAction\":[{\"@type\":\"ReadAction\",\"target\":[\"https:\/\/fr.katleencolaert.be\/fr\/particuliers\/assistance-au-pays-ou-letranger\/\"]}]},{\"@type\":\"BreadcrumbList\",\"@id\":\"https:\/\/fr.katleencolaert.be\/fr\/particuliers\/assistance-au-pays-ou-letranger\/#breadcrumb\",\"itemListElement\":[{\"@type\":\"ListItem\",\"position\":1,\"name\":\"Accueil\",\"item\":\"https:\/\/fr.katleencolaert.be\/fr\/\"},{\"@type\":\"ListItem\",\"position\":2,\"name\":\"Particuliers\",\"item\":\"https:\/\/fr.katleencolaert.be\/fr\/particuliers\/\"},{\"@type\":\"ListItem\",\"position\":3,\"name\":\"Assistance au pays ou \u00e0 l&rsquo;\u00e9tranger\"}]},{\"@type\":\"WebSite\",\"@id\":\"https:\/\/fr.katleencolaert.be\/fr\/#website\",\"url\":\"https:\/\/fr.katleencolaert.be\/fr\/\",\"name\":\"Katleen Colaert\",\"description\":\"Choisissez pour votre s\u00e9curit\u00e9 et profitez de la vie.\",\"potentialAction\":[{\"@type\":\"SearchAction\",\"target\":{\"@type\":\"EntryPoint\",\"urlTemplate\":\"https:\/\/fr.katleencolaert.be\/fr\/?s={search_term_string}\"},\"query-input\":\"required name=search_term_string\"}],\"inLanguage\":\"fr-FR\"}]}<\/script>\n<!-- \/ Yoast SEO plugin. -->","yoast_head_json":{"title":"Assistance au pays ou \u00e0 l'\u00e9tranger - Katleen Colaert","robots":{"index":"index","follow":"follow","max-snippet":"max-snippet:-1","max-image-preview":"max-image-preview:large","max-video-preview":"max-video-preview:-1"},"canonical":"https:\/\/fr.katleencolaert.be\/fr\/particuliers\/assistance-au-pays-ou-letranger\/","og_locale":"fr_FR","og_type":"article","og_title":"Assistance au pays ou \u00e0 l'\u00e9tranger - Katleen Colaert","og_description":"Cette couverture assistance automobile vous garantit une aide efficace toute l\u2019ann\u00e9e en cas de probl\u00e8me avec le v\u00e9hicule. Vous serez assist\u00e9 pour quasi tout ce qui peut survenir \u00e0 la voiture tant en Belgique qu\u2019\u00e0 l\u2019\u00e9tranger. Une couverture assistance payera vos frais m\u00e9dicaux et d\u2019hospitalisation \u00e0 l\u2019\u00e9tranger ainsi que le rapatriement en cas de maladie [&hellip;]","og_url":"https:\/\/fr.katleencolaert.be\/fr\/particuliers\/assistance-au-pays-ou-letranger\/","og_site_name":"Katleen Colaert","twitter_misc":{"Est. reading time":"1 minute"},"schema":{"@context":"https:\/\/schema.org","@graph":[{"@type":"WebPage","@id":"https:\/\/fr.katleencolaert.be\/fr\/particuliers\/assistance-au-pays-ou-letranger\/","url":"https:\/\/fr.katleencolaert.be\/fr\/particuliers\/assistance-au-pays-ou-letranger\/","name":"Assistance au pays ou \u00e0 l'\u00e9tranger - Katleen Colaert","isPartOf":{"@id":"https:\/\/fr.katleencolaert.be\/fr\/#website"},"datePublished":"2014-08-12T14:42:40+00:00","dateModified":"2014-08-12T14:42:40+00:00","breadcrumb":{"@id":"https:\/\/fr.katleencolaert.be\/fr\/particuliers\/assistance-au-pays-ou-letranger\/#breadcrumb"},"inLanguage":"fr-FR","potentialAction":[{"@type":"ReadAction","target":["https:\/\/fr.katleencolaert.be\/fr\/particuliers\/assistance-au-pays-ou-letranger\/"]}]},{"@type":"BreadcrumbList","@id":"https:\/\/fr.katleencolaert.be\/fr\/particuliers\/assistance-au-pays-ou-letranger\/#breadcrumb","itemListElement":[{"@type":"ListItem","position":1,"name":"Accueil","item":"https:\/\/fr.katleencolaert.be\/fr\/"},{"@type":"ListItem","position":2,"name":"Particuliers","item":"https:\/\/fr.katleencolaert.be\/fr\/particuliers\/"},{"@type":"ListItem","position":3,"name":"Assistance au pays ou \u00e0 l&rsquo;\u00e9tranger"}]},{"@type":"WebSite","@id":"https:\/\/fr.katleencolaert.be\/fr\/#website","url":"https:\/\/fr.katleencolaert.be\/fr\/","name":"Katleen Colaert","description":"Choisissez pour votre s\u00e9curit\u00e9 et profitez de la vie.","potentialAction":[{"@type":"SearchAction","target":{"@type":"EntryPoint","urlTemplate":"https:\/\/fr.katleencolaert.be\/fr\/?s={search_term_string}"},"query-input":"required name=search_term_string"}],"inLanguage":"fr-FR"}]}},"_links":{"self":[{"href":"https:\/\/fr.katleencolaert.be\/fr\/wp-json\/wp\/v2\/pages\/1221","targetHints":{"allow":["GET"]}}],"collection":[{"href":"https:\/\/fr.katleencolaert.be\/fr\/wp-json\/wp\/v2\/pages"}],"about":[{"href":"https:\/\/fr.katleencolaert.be\/fr\/wp-json\/wp\/v2\/types\/page"}],"author":[{"embeddable":true,"href":"https:\/\/fr.katleencolaert.be\/fr\/wp-json\/wp\/v2\/users\/1"}],"replies":[{"embeddable":true,"href":"https:\/\/fr.katleencolaert.be\/fr\/wp-json\/wp\/v2\/comments?post=1221"}],"version-history":[{"count":1,"href":"https:\/\/fr.katleencolaert.be\/fr\/wp-json\/wp\/v2\/pages\/1221\/revisions"}],"predecessor-version":[{"id":1222,"href":"https:\/\/fr.katleencolaert.be\/fr\/wp-json\/wp\/v2\/pages\/1221\/revisions\/1222"}],"up":[{"embeddable":true,"href":"https:\/\/fr.katleencolaert.be\/fr\/wp-json\/wp\/v2\/pages\/1256"}],"wp:attachment":[{"href":"https:\/\/fr.katleencolaert.be\/fr\/wp-json\/wp\/v2\/media?parent=1221"}],"curies":[{"name":"wp","href":"https:\/\/api.w.org\/{rel}","templated":true}]}}