{"id":1218,"date":"2014-08-12T15:39:36","date_gmt":"2014-08-12T14:39:36","guid":{"rendered":"http:\/\/templatefr.crmtest.be\/?page_id=1218"},"modified":"2014-08-12T15:39:36","modified_gmt":"2014-08-12T14:39:36","slug":"incendie-batiment-et-contenu","status":"publish","type":"page","link":"https:\/\/fr.katleencolaert.be\/fr\/particuliers\/incendie-batiment-et-contenu\/","title":{"rendered":"Incendie: b\u00e2timent et contenu"},"content":{"rendered":"<p>Les polices globales assurent les dommages suite \u00e0 incendie, (y compris fum\u00e9e) d\u00e9g\u00e2ts des eaux, temp\u00eate et gr\u00eale, bris de vitres, dommages d\u2019ordre \u00e9lectrique,effraction,la RC de l\u2019immeuble etc.<\/p>\n<p>N\u2019h\u00e9sitez pas \u00e0 nous contacter pour un aper\u00e7u g\u00e9n\u00e9ral et les comparaisons de diverses compagnies sur le march\u00e9.<\/p>\n<p>N\u2019oubliez pas qu\u2019une maison bien prot\u00e9g\u00e9e par une alarme intrusion et d\u00e9tection de fum\u00e9e, b\u00e9n\u00e9ficiera de meilleurs tarifs.<\/p>\n","protected":false},"excerpt":{"rendered":"<p>Les polices globales assurent les dommages suite \u00e0 incendie, (y compris fum\u00e9e) d\u00e9g\u00e2ts des eaux, temp\u00eate et gr\u00eale, bris de vitres, dommages d\u2019ordre \u00e9lectrique,effraction,la RC de l\u2019immeuble etc. N\u2019h\u00e9sitez pas \u00e0 nous contacter pour un aper\u00e7u g\u00e9n\u00e9ral et les comparaisons de diverses compagnies sur le march\u00e9. N\u2019oubliez pas qu\u2019une maison bien prot\u00e9g\u00e9e par une alarme [&hellip;]<\/p>\n","protected":false},"author":1,"featured_media":0,"parent":1256,"menu_order":0,"comment_status":"closed","ping_status":"closed","template":"page-producten.php","meta":{"footnotes":""},"class_list":["post-1218","page","type-page","status-publish","hentry"],"yoast_head":"<!-- This site is optimized with the Yoast SEO plugin v21.8 - https:\/\/yoast.com\/wordpress\/plugins\/seo\/ -->\n<title>Incendie: b\u00e2timent et contenu - Katleen Colaert<\/title>\n<meta name=\"robots\" content=\"index, follow, max-snippet:-1, max-image-preview:large, max-video-preview:-1\" \/>\n<link rel=\"canonical\" href=\"https:\/\/fr.katleencolaert.be\/fr\/particuliers\/incendie-batiment-et-contenu\/\" \/>\n<meta property=\"og:locale\" content=\"fr_FR\" \/>\n<meta property=\"og:type\" content=\"article\" \/>\n<meta property=\"og:title\" content=\"Incendie: b\u00e2timent et contenu - Katleen Colaert\" \/>\n<meta property=\"og:description\" content=\"Les polices globales assurent les dommages suite \u00e0 incendie, (y compris fum\u00e9e) d\u00e9g\u00e2ts des eaux, temp\u00eate et gr\u00eale, bris de vitres, dommages d\u2019ordre \u00e9lectrique,effraction,la RC de l\u2019immeuble etc. N\u2019h\u00e9sitez pas \u00e0 nous contacter pour un aper\u00e7u g\u00e9n\u00e9ral et les comparaisons de diverses compagnies sur le march\u00e9. N\u2019oubliez pas qu\u2019une maison bien prot\u00e9g\u00e9e par une alarme [&hellip;]\" \/>\n<meta property=\"og:url\" content=\"https:\/\/fr.katleencolaert.be\/fr\/particuliers\/incendie-batiment-et-contenu\/\" \/>\n<meta property=\"og:site_name\" content=\"Katleen Colaert\" \/>\n<script type=\"application\/ld+json\" class=\"yoast-schema-graph\">{\"@context\":\"https:\/\/schema.org\",\"@graph\":[{\"@type\":\"WebPage\",\"@id\":\"https:\/\/fr.katleencolaert.be\/fr\/particuliers\/incendie-batiment-et-contenu\/\",\"url\":\"https:\/\/fr.katleencolaert.be\/fr\/particuliers\/incendie-batiment-et-contenu\/\",\"name\":\"Incendie: b\u00e2timent et contenu - Katleen Colaert\",\"isPartOf\":{\"@id\":\"https:\/\/fr.katleencolaert.be\/fr\/#website\"},\"datePublished\":\"2014-08-12T14:39:36+00:00\",\"dateModified\":\"2014-08-12T14:39:36+00:00\",\"breadcrumb\":{\"@id\":\"https:\/\/fr.katleencolaert.be\/fr\/particuliers\/incendie-batiment-et-contenu\/#breadcrumb\"},\"inLanguage\":\"fr-FR\",\"potentialAction\":[{\"@type\":\"ReadAction\",\"target\":[\"https:\/\/fr.katleencolaert.be\/fr\/particuliers\/incendie-batiment-et-contenu\/\"]}]},{\"@type\":\"BreadcrumbList\",\"@id\":\"https:\/\/fr.katleencolaert.be\/fr\/particuliers\/incendie-batiment-et-contenu\/#breadcrumb\",\"itemListElement\":[{\"@type\":\"ListItem\",\"position\":1,\"name\":\"Accueil\",\"item\":\"https:\/\/fr.katleencolaert.be\/fr\/\"},{\"@type\":\"ListItem\",\"position\":2,\"name\":\"Particuliers\",\"item\":\"https:\/\/fr.katleencolaert.be\/fr\/particuliers\/\"},{\"@type\":\"ListItem\",\"position\":3,\"name\":\"Incendie: b\u00e2timent et contenu\"}]},{\"@type\":\"WebSite\",\"@id\":\"https:\/\/fr.katleencolaert.be\/fr\/#website\",\"url\":\"https:\/\/fr.katleencolaert.be\/fr\/\",\"name\":\"Katleen Colaert\",\"description\":\"Choisissez pour votre s\u00e9curit\u00e9 et profitez de la vie.\",\"potentialAction\":[{\"@type\":\"SearchAction\",\"target\":{\"@type\":\"EntryPoint\",\"urlTemplate\":\"https:\/\/fr.katleencolaert.be\/fr\/?s={search_term_string}\"},\"query-input\":\"required name=search_term_string\"}],\"inLanguage\":\"fr-FR\"}]}<\/script>\n<!-- \/ Yoast SEO plugin. -->","yoast_head_json":{"title":"Incendie: b\u00e2timent et contenu - Katleen Colaert","robots":{"index":"index","follow":"follow","max-snippet":"max-snippet:-1","max-image-preview":"max-image-preview:large","max-video-preview":"max-video-preview:-1"},"canonical":"https:\/\/fr.katleencolaert.be\/fr\/particuliers\/incendie-batiment-et-contenu\/","og_locale":"fr_FR","og_type":"article","og_title":"Incendie: b\u00e2timent et contenu - Katleen Colaert","og_description":"Les polices globales assurent les dommages suite \u00e0 incendie, (y compris fum\u00e9e) d\u00e9g\u00e2ts des eaux, temp\u00eate et gr\u00eale, bris de vitres, dommages d\u2019ordre \u00e9lectrique,effraction,la RC de l\u2019immeuble etc. N\u2019h\u00e9sitez pas \u00e0 nous contacter pour un aper\u00e7u g\u00e9n\u00e9ral et les comparaisons de diverses compagnies sur le march\u00e9. N\u2019oubliez pas qu\u2019une maison bien prot\u00e9g\u00e9e par une alarme [&hellip;]","og_url":"https:\/\/fr.katleencolaert.be\/fr\/particuliers\/incendie-batiment-et-contenu\/","og_site_name":"Katleen Colaert","schema":{"@context":"https:\/\/schema.org","@graph":[{"@type":"WebPage","@id":"https:\/\/fr.katleencolaert.be\/fr\/particuliers\/incendie-batiment-et-contenu\/","url":"https:\/\/fr.katleencolaert.be\/fr\/particuliers\/incendie-batiment-et-contenu\/","name":"Incendie: b\u00e2timent et contenu - Katleen Colaert","isPartOf":{"@id":"https:\/\/fr.katleencolaert.be\/fr\/#website"},"datePublished":"2014-08-12T14:39:36+00:00","dateModified":"2014-08-12T14:39:36+00:00","breadcrumb":{"@id":"https:\/\/fr.katleencolaert.be\/fr\/particuliers\/incendie-batiment-et-contenu\/#breadcrumb"},"inLanguage":"fr-FR","potentialAction":[{"@type":"ReadAction","target":["https:\/\/fr.katleencolaert.be\/fr\/particuliers\/incendie-batiment-et-contenu\/"]}]},{"@type":"BreadcrumbList","@id":"https:\/\/fr.katleencolaert.be\/fr\/particuliers\/incendie-batiment-et-contenu\/#breadcrumb","itemListElement":[{"@type":"ListItem","position":1,"name":"Accueil","item":"https:\/\/fr.katleencolaert.be\/fr\/"},{"@type":"ListItem","position":2,"name":"Particuliers","item":"https:\/\/fr.katleencolaert.be\/fr\/particuliers\/"},{"@type":"ListItem","position":3,"name":"Incendie: b\u00e2timent et contenu"}]},{"@type":"WebSite","@id":"https:\/\/fr.katleencolaert.be\/fr\/#website","url":"https:\/\/fr.katleencolaert.be\/fr\/","name":"Katleen Colaert","description":"Choisissez pour votre s\u00e9curit\u00e9 et profitez de la vie.","potentialAction":[{"@type":"SearchAction","target":{"@type":"EntryPoint","urlTemplate":"https:\/\/fr.katleencolaert.be\/fr\/?s={search_term_string}"},"query-input":"required name=search_term_string"}],"inLanguage":"fr-FR"}]}},"_links":{"self":[{"href":"https:\/\/fr.katleencolaert.be\/fr\/wp-json\/wp\/v2\/pages\/1218","targetHints":{"allow":["GET"]}}],"collection":[{"href":"https:\/\/fr.katleencolaert.be\/fr\/wp-json\/wp\/v2\/pages"}],"about":[{"href":"https:\/\/fr.katleencolaert.be\/fr\/wp-json\/wp\/v2\/types\/page"}],"author":[{"embeddable":true,"href":"https:\/\/fr.katleencolaert.be\/fr\/wp-json\/wp\/v2\/users\/1"}],"replies":[{"embeddable":true,"href":"https:\/\/fr.katleencolaert.be\/fr\/wp-json\/wp\/v2\/comments?post=1218"}],"version-history":[{"count":1,"href":"https:\/\/fr.katleencolaert.be\/fr\/wp-json\/wp\/v2\/pages\/1218\/revisions"}],"predecessor-version":[{"id":1219,"href":"https:\/\/fr.katleencolaert.be\/fr\/wp-json\/wp\/v2\/pages\/1218\/revisions\/1219"}],"up":[{"embeddable":true,"href":"https:\/\/fr.katleencolaert.be\/fr\/wp-json\/wp\/v2\/pages\/1256"}],"wp:attachment":[{"href":"https:\/\/fr.katleencolaert.be\/fr\/wp-json\/wp\/v2\/media?parent=1218"}],"curies":[{"name":"wp","href":"https:\/\/api.w.org\/{rel}","templated":true}]}}