{"id":1213,"date":"2014-08-12T15:32:25","date_gmt":"2014-08-12T14:32:25","guid":{"rendered":"http:\/\/templatefr.crmtest.be\/?page_id=1213"},"modified":"2014-08-12T15:32:25","modified_gmt":"2014-08-12T14:32:25","slug":"assurance-auto","status":"publish","type":"page","link":"https:\/\/fr.katleencolaert.be\/fr\/particuliers\/assurance-auto\/","title":{"rendered":"Assurance auto"},"content":{"rendered":"<p>Cette assurance est obligatoire.<\/p>\n<p>Nous analysons avec soin votre situation personnelle et vous pr\u00e9sentons la meilleure offre qualit\u00e9\/prix pour tous les \u00e2ges.<\/p>\n<h2>Responsabilit\u00e9 civile<\/h2>\n<p>Elle concerne l\u2019assurance obligatoire pour un v\u00e9hicule automobile conform\u00e9ment \u00e0 la loi et indemnise les dommages corporels ou mat\u00e9riels aux tiers.<\/p>\n<h2>Omnium<\/h2>\n<p>La couverture omnium couvre les dommages \u00e0 votre propre v\u00e9hicule, m\u00eame si vous \u00eates en tort.<\/p>\n<p>Il s\u2019agit de couvertures compl\u00e9mentaires \u00e0 la d\u00e9fense en justice (voir ci-dessous) et \u00e0 la RC obligatoire.<\/p>\n<p>La grande omnium couvre l\u2019ensemble des dommages accidentels au v\u00e9hicule, y compris les dommages de la petite omnium qui se limitent \u00e0 l\u2019incendie, vol, bris de vitres, forces de la nature (gr\u00ealons) et impact d\u2019animaux.<\/p>\n<p>M\u00eame en cas d\u2019accident en droit, l\u2019omnium est de grande importance afin d\u2019acc\u00e9l\u00e9rer le r\u00e8glement. Le tiers peut ne pas \u00eatre assur\u00e9 ou souhaiter un r\u00e8glement judiciaire qui peut prendre des mois.<\/p>\n<h2>D\u00e9fense en justice<\/h2>\n<p>Votre couverture en responsabilit\u00e9 civile n\u2019interviendra pas si vous \u00eates dans votre droit pour vous aider \u00e0 r\u00e9cup\u00e9rer votre dommage. En cas de contestation, la d\u00e9fense en justice vous y aidera. Soit l\u2019assureur tentera d\u2019obtenir un r\u00e8glement amiable aupr\u00e8s du tiers, soit par voie judiciaire.<\/p>\n<p>Cette couverture vous assistera \u00e9galement pour votre d\u00e9fense p\u00e9nale si vous \u00eates poursuivi pour une infraction. Les honoraires de votre propre avocat sont pris en charge ainsi que les fra\u00ees de justice (pas les amendes).<\/p>\n<p>La d\u00e9fense en justice assumera \u00e9galement les \u00e9ventuels frais d\u2019expertise m\u00e9dicale.<\/p>\n<h2>S\u00e9curit\u00e9 du conducteur<\/h2>\n<p>La RC auto couvre les dommages corporels aux occupants du v\u00e9hicule mais pas ceux au conducteur.<\/p>\n<p>Dans l\u2019assurance \u201cs\u00e9curit\u00e9 du conducteur\u201d les frais m\u00e9dicaux de ce dernier sont couverts, ainsi qu\u2019une indemnit\u00e9 en cas d\u2019invalidit\u00e9 temporaire ou permanente, un capital en cas de d\u00e9c\u00e8s.<\/p>\n","protected":false},"excerpt":{"rendered":"<p>Cette assurance est obligatoire. Nous analysons avec soin votre situation personnelle et vous pr\u00e9sentons la meilleure offre qualit\u00e9\/prix pour tous les \u00e2ges. Responsabilit\u00e9 civile Elle concerne l\u2019assurance obligatoire pour un v\u00e9hicule automobile conform\u00e9ment \u00e0 la loi et indemnise les dommages corporels ou mat\u00e9riels aux tiers. Omnium La couverture omnium couvre les dommages \u00e0 votre propre [&hellip;]<\/p>\n","protected":false},"author":1,"featured_media":0,"parent":1256,"menu_order":0,"comment_status":"closed","ping_status":"closed","template":"page-producten.php","meta":{"footnotes":""},"class_list":["post-1213","page","type-page","status-publish","hentry"],"yoast_head":"<!-- This site is optimized with the Yoast SEO plugin v21.8 - https:\/\/yoast.com\/wordpress\/plugins\/seo\/ -->\n<title>Assurance auto - Katleen Colaert<\/title>\n<meta name=\"robots\" content=\"index, follow, max-snippet:-1, max-image-preview:large, max-video-preview:-1\" \/>\n<link rel=\"canonical\" href=\"https:\/\/fr.katleencolaert.be\/fr\/particuliers\/assurance-auto\/\" \/>\n<meta property=\"og:locale\" content=\"fr_FR\" \/>\n<meta property=\"og:type\" content=\"article\" \/>\n<meta property=\"og:title\" content=\"Assurance auto - Katleen Colaert\" \/>\n<meta property=\"og:description\" content=\"Cette assurance est obligatoire. Nous analysons avec soin votre situation personnelle et vous pr\u00e9sentons la meilleure offre qualit\u00e9\/prix pour tous les \u00e2ges. Responsabilit\u00e9 civile Elle concerne l\u2019assurance obligatoire pour un v\u00e9hicule automobile conform\u00e9ment \u00e0 la loi et indemnise les dommages corporels ou mat\u00e9riels aux tiers. Omnium La couverture omnium couvre les dommages \u00e0 votre propre [&hellip;]\" \/>\n<meta property=\"og:url\" content=\"https:\/\/fr.katleencolaert.be\/fr\/particuliers\/assurance-auto\/\" \/>\n<meta property=\"og:site_name\" content=\"Katleen Colaert\" \/>\n<meta name=\"twitter:label1\" content=\"Est. reading time\" \/>\n\t<meta name=\"twitter:data1\" content=\"2 minutes\" \/>\n<script type=\"application\/ld+json\" class=\"yoast-schema-graph\">{\"@context\":\"https:\/\/schema.org\",\"@graph\":[{\"@type\":\"WebPage\",\"@id\":\"https:\/\/fr.katleencolaert.be\/fr\/particuliers\/assurance-auto\/\",\"url\":\"https:\/\/fr.katleencolaert.be\/fr\/particuliers\/assurance-auto\/\",\"name\":\"Assurance auto - Katleen Colaert\",\"isPartOf\":{\"@id\":\"https:\/\/fr.katleencolaert.be\/fr\/#website\"},\"datePublished\":\"2014-08-12T14:32:25+00:00\",\"dateModified\":\"2014-08-12T14:32:25+00:00\",\"breadcrumb\":{\"@id\":\"https:\/\/fr.katleencolaert.be\/fr\/particuliers\/assurance-auto\/#breadcrumb\"},\"inLanguage\":\"fr-FR\",\"potentialAction\":[{\"@type\":\"ReadAction\",\"target\":[\"https:\/\/fr.katleencolaert.be\/fr\/particuliers\/assurance-auto\/\"]}]},{\"@type\":\"BreadcrumbList\",\"@id\":\"https:\/\/fr.katleencolaert.be\/fr\/particuliers\/assurance-auto\/#breadcrumb\",\"itemListElement\":[{\"@type\":\"ListItem\",\"position\":1,\"name\":\"Accueil\",\"item\":\"https:\/\/fr.katleencolaert.be\/fr\/\"},{\"@type\":\"ListItem\",\"position\":2,\"name\":\"Particuliers\",\"item\":\"https:\/\/fr.katleencolaert.be\/fr\/particuliers\/\"},{\"@type\":\"ListItem\",\"position\":3,\"name\":\"Assurance auto\"}]},{\"@type\":\"WebSite\",\"@id\":\"https:\/\/fr.katleencolaert.be\/fr\/#website\",\"url\":\"https:\/\/fr.katleencolaert.be\/fr\/\",\"name\":\"Katleen Colaert\",\"description\":\"Choisissez pour votre s\u00e9curit\u00e9 et profitez de la vie.\",\"potentialAction\":[{\"@type\":\"SearchAction\",\"target\":{\"@type\":\"EntryPoint\",\"urlTemplate\":\"https:\/\/fr.katleencolaert.be\/fr\/?s={search_term_string}\"},\"query-input\":\"required name=search_term_string\"}],\"inLanguage\":\"fr-FR\"}]}<\/script>\n<!-- \/ Yoast SEO plugin. -->","yoast_head_json":{"title":"Assurance auto - Katleen Colaert","robots":{"index":"index","follow":"follow","max-snippet":"max-snippet:-1","max-image-preview":"max-image-preview:large","max-video-preview":"max-video-preview:-1"},"canonical":"https:\/\/fr.katleencolaert.be\/fr\/particuliers\/assurance-auto\/","og_locale":"fr_FR","og_type":"article","og_title":"Assurance auto - Katleen Colaert","og_description":"Cette assurance est obligatoire. Nous analysons avec soin votre situation personnelle et vous pr\u00e9sentons la meilleure offre qualit\u00e9\/prix pour tous les \u00e2ges. Responsabilit\u00e9 civile Elle concerne l\u2019assurance obligatoire pour un v\u00e9hicule automobile conform\u00e9ment \u00e0 la loi et indemnise les dommages corporels ou mat\u00e9riels aux tiers. Omnium La couverture omnium couvre les dommages \u00e0 votre propre [&hellip;]","og_url":"https:\/\/fr.katleencolaert.be\/fr\/particuliers\/assurance-auto\/","og_site_name":"Katleen Colaert","twitter_misc":{"Est. reading time":"2 minutes"},"schema":{"@context":"https:\/\/schema.org","@graph":[{"@type":"WebPage","@id":"https:\/\/fr.katleencolaert.be\/fr\/particuliers\/assurance-auto\/","url":"https:\/\/fr.katleencolaert.be\/fr\/particuliers\/assurance-auto\/","name":"Assurance auto - Katleen Colaert","isPartOf":{"@id":"https:\/\/fr.katleencolaert.be\/fr\/#website"},"datePublished":"2014-08-12T14:32:25+00:00","dateModified":"2014-08-12T14:32:25+00:00","breadcrumb":{"@id":"https:\/\/fr.katleencolaert.be\/fr\/particuliers\/assurance-auto\/#breadcrumb"},"inLanguage":"fr-FR","potentialAction":[{"@type":"ReadAction","target":["https:\/\/fr.katleencolaert.be\/fr\/particuliers\/assurance-auto\/"]}]},{"@type":"BreadcrumbList","@id":"https:\/\/fr.katleencolaert.be\/fr\/particuliers\/assurance-auto\/#breadcrumb","itemListElement":[{"@type":"ListItem","position":1,"name":"Accueil","item":"https:\/\/fr.katleencolaert.be\/fr\/"},{"@type":"ListItem","position":2,"name":"Particuliers","item":"https:\/\/fr.katleencolaert.be\/fr\/particuliers\/"},{"@type":"ListItem","position":3,"name":"Assurance auto"}]},{"@type":"WebSite","@id":"https:\/\/fr.katleencolaert.be\/fr\/#website","url":"https:\/\/fr.katleencolaert.be\/fr\/","name":"Katleen Colaert","description":"Choisissez pour votre s\u00e9curit\u00e9 et profitez de la vie.","potentialAction":[{"@type":"SearchAction","target":{"@type":"EntryPoint","urlTemplate":"https:\/\/fr.katleencolaert.be\/fr\/?s={search_term_string}"},"query-input":"required name=search_term_string"}],"inLanguage":"fr-FR"}]}},"_links":{"self":[{"href":"https:\/\/fr.katleencolaert.be\/fr\/wp-json\/wp\/v2\/pages\/1213","targetHints":{"allow":["GET"]}}],"collection":[{"href":"https:\/\/fr.katleencolaert.be\/fr\/wp-json\/wp\/v2\/pages"}],"about":[{"href":"https:\/\/fr.katleencolaert.be\/fr\/wp-json\/wp\/v2\/types\/page"}],"author":[{"embeddable":true,"href":"https:\/\/fr.katleencolaert.be\/fr\/wp-json\/wp\/v2\/users\/1"}],"replies":[{"embeddable":true,"href":"https:\/\/fr.katleencolaert.be\/fr\/wp-json\/wp\/v2\/comments?post=1213"}],"version-history":[{"count":1,"href":"https:\/\/fr.katleencolaert.be\/fr\/wp-json\/wp\/v2\/pages\/1213\/revisions"}],"predecessor-version":[{"id":1214,"href":"https:\/\/fr.katleencolaert.be\/fr\/wp-json\/wp\/v2\/pages\/1213\/revisions\/1214"}],"up":[{"embeddable":true,"href":"https:\/\/fr.katleencolaert.be\/fr\/wp-json\/wp\/v2\/pages\/1256"}],"wp:attachment":[{"href":"https:\/\/fr.katleencolaert.be\/fr\/wp-json\/wp\/v2\/media?parent=1213"}],"curies":[{"name":"wp","href":"https:\/\/api.w.org\/{rel}","templated":true}]}}