{"id":1185,"date":"2014-07-16T15:30:48","date_gmt":"2014-07-10T09:05:54","guid":{"rendered":"http:\/\/templatefr.crmtest.be\/cookiebeleid-2\/"},"modified":"2016-04-15T11:03:19","modified_gmt":"2016-04-15T10:03:19","slug":"politique-relative-cookies","status":"publish","type":"page","link":"https:\/\/fr.katleencolaert.be\/fr\/politique-relative-cookies\/","title":{"rendered":"Politique relative aux cookies"},"content":{"rendered":"<p><strong>Politique relative aux cookies<\/strong><\/p>\n<p>Chez Katleen Colaert, nous prenons tr\u00e8s au s\u00e9rieux vos pr\u00e9occupations relatives \u00e0 la confidentialit\u00e9 et accordons une grande valeur aux relations avec nos clients.<\/p>\n<p>\u00c0 l\u2019instar de nombreuses entreprises, nous recourons \u00e0 certaines technologies sur notre site Web pour collecter des informations qui nous aident \u00e0 am\u00e9liorer votre exp\u00e9rience en ligne.Outre qu\u2019ils permettent \u00e0 notre site Web de fonctionner, les cookies nous aident \u00e0 comprendre quelles informations et annonces sont les plus utiles pour nos visiteurs.<\/p>\n<p><strong>D\u00e9finition : que sont les cookies ?<\/strong><\/p>\n<p>Les cookies sont des fichiers texte qui contiennent un certain nombre d\u2019informations et sont t\u00e9l\u00e9charg\u00e9s sur votre ordinateur ou appareil mobile lorsque vous visitez un site Web. Ils sont utiles dans la mesure o\u00f9 ils permettent aux sites Web de reconna\u00eetre l\u2019appareil d\u2019un utilisateur. Ils sont ensuite renvoy\u00e9s au site Web d\u2019origine \u00e0 chaque visite suivante, ou \u00e0 tout autre site Web qui les reconna\u00eet. Pour plus d\u2019informations sur les cookies, acc\u00e9dez \u00e0 la page suivante : www.allaboutcookies.org.<br \/>\nLe terme \u00ab cookie \u00bb mentionn\u00e9 dans la pr\u00e9sente Politique englobe toutes les techniques similaires, y compris les balises Web et les fichiers journaux. Pour plus d\u2019informations sur ces outils compl\u00e9mentaires, reportez-vous \u00e0 notre glossaire.<\/p>\n<p><strong>Type d\u2019informations collect\u00e9es et raison de leur collecte<\/strong><\/p>\n<p>Les cookies nous aident \u00e0 mieux comprendre vos attentes concernant notre site et nous permettent par cons\u00e9quent, entre autres strat\u00e9gies, d\u2019offrir \u00e0 nos clients une exp\u00e9rience agr\u00e9able et durable.<\/p>\n<p>Voici des exemples de types d\u2019informations que nous r\u00e9cup\u00e9rons par le biais des cookies :<\/p>\n<ul>\n<li>le nombre d\u2019internautes visitant le site Web de Katleen Colaert, la fr\u00e9quence de consultation du site, les pages consult\u00e9es, les clics effectu\u00e9s sur le site et la dur\u00e9e totale de navigation sur le site ;<\/li>\n<li>le nom du site Web visit\u00e9 avant celui de Katleen Colaert ;<\/li>\n<li>si vous visitez notre site pour la premi\u00e8re fois ou pas ;<\/li>\n<li>vos pr\u00e9f\u00e9rences d\u2019affichage (par exemple, mise en page, taille, langue, etc.) ;<\/li>\n<li>vos achats et vos commandes ;<\/li>\n<li>votre nom d\u2019utilisateur, votre mot de passe, le type de navigateur utilis\u00e9 et votre adresse IP, de mani\u00e8re que nous puissions vous identifier lors de vos prochaines visites.<\/li>\n<li>Notez que nous ne r\u00e9cup\u00e9rons pas votre nom ni votre adresse email par le biais des cookies.<\/li>\n<\/ul>\n<p>En outre, les cookies nous permettent d\u2019effectuer les op\u00e9rations suivantes :<\/p>\n<ul>\n<li>personnaliser votre visite : nous pouvons utiliser des informations collect\u00e9es lors de votre visite pour faciliter votre prochaine visite sur notre site ;<\/li>\n<li>personnaliser les messages publicitaires et marketing qui s\u2019affichent sur le site, qu\u2019ils s\u2019agissent des n\u00f4tres ou de ceux de parties tierces. Cette op\u00e9ration implique, par exemple, l\u2019identification des fonctionnalit\u00e9s du site Web qui vous int\u00e9ressent, la recommandation d\u2019accessoires pour votre syst\u00e8me Katleen Colaert ou l\u2019affichage d\u2019informations utiles telles que la proc\u00e9dure permettant d\u2019\u00e9tendre votre syst\u00e8me audio \u00e0 d\u2019autres pi\u00e8ces de votre maison. Notre objectif est de r\u00e9pondre \u00e0 vos souhaits aussi rapidement et facilement que possible ;<\/li>\n<li>analyser les tendances des clients : nous compilons des informations sur des milliers de visites de clients et les analysons dans leur ensemble. Ce type d\u2019\u00e9tude vise \u00e0 identifier des tendances parmi de tr\u00e8s nombreux visiteurs de notre site, plut\u00f4t qu\u2019\u00e0 analyser les informations d\u2019un client particulier.<\/li>\n<\/ul>\n<p><strong>Type de cookies utilis\u00e9s<\/strong><\/p>\n<p>Lorsque vous visitez notre site Web, les cat\u00e9gories suivantes de cookies peuvent \u00eatre plac\u00e9es sur votre appareil :<\/p>\n<p><span style=\"text-decoration: underline;\">Cookies propri\u00e9taires<\/span><br \/>\nCes cookies sont cr\u00e9\u00e9s par Katleen Colaert. Ils sont, pour l\u2019essentiel, utilis\u00e9s afin de vous permettre de naviguer sur notre site Web et d\u2019utiliser les fonctionnalit\u00e9s de ce dernier.<\/p>\n<p>Cookies fonctionnels : ces cookies, d\u00e9finis par Katleen Colaert, vous permettent de naviguer sur notre site ou de b\u00e9n\u00e9ficier de certaines de ses fonctionnalit\u00e9s, telles que la m\u00e9morisation des pr\u00e9f\u00e9rences linguistiques ou la prise de commandes.<br \/>\nCookies d\u2019analyse : ces cookies sont d\u00e9finis par Katleen Colaert afin de collecter des statistiques (agr\u00e9g\u00e9es et anonymes) sur l\u2019utilisation que vous et d\u2019autres visiteurs font du site Web. Gr\u00e2ce \u00e0 ces informations, Adviesgroep Pinson est en mesure d\u2019am\u00e9liorer les fonctionnalit\u00e9s propos\u00e9es sur son site.<\/p>\n<p><strong>Cookies tiers<\/strong><\/p>\n<p>Parall\u00e8lement \u00e0 nos cookies propri\u00e9taires, certaines soci\u00e9t\u00e9s tierces et filiales peuvent placer des cookies sur votre ordinateur, y acc\u00e9der et y associer des balises Web.<\/p>\n<p>Cookies fonctionnels : ces cookies permettent d\u2019utiliser des services et fonctionnalit\u00e9s utiles, comme le support technique par chat en ligne.<br \/>\nCookies de publicit\u00e9 comportementale en ligne : ces cookies collectent des informations sur vos habitudes de navigation et vos pr\u00e9f\u00e9rences en mati\u00e8re de produits et de services. Ces informations permettent \u00e0 Katleen Colaert et aux r\u00e9seaux publicitaires avec lesquels nous travaillons d\u2019afficher des annonces pertinentes sur les pages les plus appropri\u00e9es des sites Web partenaires et Katleen Colaert. Par exemple, des parties tierces ou soci\u00e9t\u00e9s affili\u00e9es peuvent g\u00e9rer des programmes publicitaires de Katleen Colaert sur un site Web autre que Katleen Colaert.<\/p>\n<p><strong>Dur\u00e9e de stockage des cookies sur votre appareil<\/strong><\/p>\n<p>La dur\u00e9e de stockage des cookies sur votre ordinateur peut varier, selon la cat\u00e9gorie \u00e0 laquelle ils appartiennent : temporaire ou permanent.<\/p>\n<p><span style=\"text-decoration: underline;\">Cookies temporaires<\/span><\/p>\n<p>Nous utilisons des cookies temporaires sur toutes nos pages s\u00e9curis\u00e9es pour vous attribuer et enregistrer un identifiant de session et vous permettre ainsi de naviguer sans interruption sur l\u2019ensemble de notre site. Cet identifiant est \u00e9galement utilis\u00e9 \u00e0 des fins de reporting interne. Il ne nous permet pas de vous identifier personnellement et ce type de cookie ne laisse aucune information r\u00e9cup\u00e9rable sur votre disque dur. La plupart de nos cookies propri\u00e9taires rel\u00e8vent de cette cat\u00e9gorie et expirent \u00e0 la fermeture de votre navigateur Internet.<\/p>\n<p><span style=\"text-decoration: underline;\">Cookies permanents<\/span><\/p>\n<p>Nos cookies d\u2019analyse propri\u00e9taires et les cookies tiers sont des cookies permanents. Ils nous permettent de comprendre les comportements de navigation des visiteurs sur une longue p\u00e9riode, ou de vous proposer des fonctions suppl\u00e9mentaires en rapport avec vos demandes de personnalisation du site et le contenu que vous avez enregistr\u00e9 ou stock\u00e9. Ils peuvent rester sur votre ordinateur pendant 24 heures, une semaine ou plusieurs ann\u00e9es, selon leur fonction.<\/p>\n<p><span style=\"text-decoration: underline;\">Gestion des cookies<\/span><\/p>\n<p>Nous ne pla\u00e7ons des cookies sur votre appareil que si vous nous en donnez l\u2019autorisation. Si vous ne souhaitez pas recevoir certaines des cat\u00e9gories de cookies utilis\u00e9es sur nos sites Web, vous pouvez vous servir de l\u2019outil suivant pour les d\u00e9sactiver. Notez toutefois que nous devrons quand m\u00eame installer un cookie sur votre appareil afin de nous souvenir de vos pr\u00e9f\u00e9rences en la mati\u00e8re lorsque vous visiterez de nouveau notre site depuis un m\u00eame navigateur.<\/p>\n<p>\u00c0 l\u2019heure actuelle, il est techniquement impossible pour vous de synchroniser vos param\u00e8tres entre vos navigateurs et vos appareils (votre ordinateur ou votre smartphone). Vous devez donc les d\u00e9finir sur chacun des navigateurs\/appareils que vous utilisez actuellement, et \u00e0 chaque fois que vous utiliserez un nouveau navigateur ou un nouvel appareil.<\/p>\n<p>En outre, vous avez la possibilit\u00e9 de g\u00e9rer les cookies depuis votre navigateur Web. Vous pouvez \u00e0 tout moment configurer votre navigateur pour \u00eatre averti de la r\u00e9ception d\u2019un cookie, afin de d\u00e9cider si vous voulez l\u2019accepter ou non. Les cookies ne permettent en aucun cas de lire les donn\u00e9es de votre disque dur et vous pouvez les supprimer de votre ordinateur \u00e0 tout moment.<\/p>\n<p>Si l\u2019installation de cookies sur votre ordinateur vous pr\u00e9occupe, suivez les proc\u00e9dures ci-dessous pour les g\u00e9rer :<\/p>\n<p><span style=\"text-decoration: underline;\">Dans Internet Explorer (IE) 9.0 et versions ult\u00e9rieures<\/span>:<\/p>\n<ul>\n<li>Cliquez sur le menu d\u00e9roulant \u00ab Outils \u00bb, puis s\u00e9lectionnez \u00ab Options Internet \u00bb.<\/li>\n<li>Cliquez sur l\u2019onglet \u00ab Confidentialit\u00e9 \u00bb.<\/li>\n<li>D\u00e9placez le curseur vers le haut jusqu\u2019au niveau de confidentialit\u00e9 voulu.<\/li>\n<\/ul>\n<p><span style=\"text-decoration: underline;\">Pour supprimer les cookies existants<\/span>:<\/p>\n<ul>\n<li>Cliquez sur le menu d\u00e9roulant \u00ab Outils \u00bb, puis s\u00e9lectionnez \u00ab Options Internet \u00bb.<\/li>\n<li>Cliquez sur l\u2019onglet \u00ab G\u00e9n\u00e9ral \u00bb. Dans la section \u00ab Historique de navigation \u00bb, cliquez sur \u00ab Supprimer \u00bb.<\/li>\n<\/ul>\n<p>Dans<span style=\"text-decoration: underline;\"> Firefox 2.0\/3.0\/4.0 et versions ult\u00e9rieures<\/span>:<\/p>\n<p><span style=\"text-decoration: underline;\">Pour d\u00e9sactiver les cookies<\/span>:<\/p>\n<ul>\n<li>Cliquez sur \u00ab Outils \u00bb dans la barre de menus.<\/li>\n<li>S\u00e9lectionnez \u00ab Options \u00bb.<\/li>\n<li>Cliquez sur l\u2019onglet \u00ab Vie priv\u00e9e \u00bb.<\/li>\n<li>D\u00e9cochez la case \u00ab Accepter les cookies \u00bb.<\/li>\n<\/ul>\n<p><span style=\"text-decoration: underline;\">Pour supprimer les cookies existants<\/span>:<\/p>\n<ul>\n<li>Cliquez sur \u00ab Outils \u00bb dans la barre de menus.<\/li>\n<li>S\u00e9lectionnez \u00ab Options \u00bb.<\/li>\n<li>Cliquez sur l\u2019onglet \u00ab Vie priv\u00e9e \u00bb.<\/li>\n<li>Cliquez sur \u00ab Effacer maintenant \u00bb.<\/li>\n<li>S\u00e9lectionnez \u00ab Cookies \u00bb.<\/li>\n<li>Cliquez sur \u00ab Supprimer les donn\u00e9es personnelles \u00bb.<\/li>\n<\/ul>\n<p>Dans <span style=\"text-decoration: underline;\">Google Chrome, d\u00e9sactivez les cookies comme suit<\/span>:<\/p>\n<ul>\n<li>Cliquez sur le menu \u00ab Outils \u00bb.<\/li>\n<li>S\u00e9lectionnez \u00ab Options \u00bb.<\/li>\n<li>Cliquez sur \u00ab Options avanc\u00e9es \u00bb.<\/li>\n<li>S\u00e9lectionnez \u00ab Param\u00e8tres des cookies \u00bb. S\u00e9lectionnez \u00ab Bloquer tous les cookies \u00bb.<\/li>\n<li>D\u00e9sormais, tous les cookies seront bloqu\u00e9s dans votre navigateur Google Chrome<\/li>\n<\/ul>\n<p><span style=\"text-decoration: underline;\">Pour supprimer les cookies existants<\/span>:<\/p>\n<ul>\n<li>Cliquez sur le menu \u00ab Outils \u00bb.<\/li>\n<li>S\u00e9lectionnez \u00ab Options \u00bb.<\/li>\n<li>Cliquez sur \u00ab Options avanc\u00e9es \u00bb.<\/li>\n<li>Dans la section \u00ab Confidentialit\u00e9 \u00bb, cliquez sur \u00ab Afficher les cookies \u00bb.<\/li>\n<li>Une nouvelle fen\u00eatre intitul\u00e9e \u00ab Cookies \u00bb s\u2019affiche. Elle r\u00e9pertorie tous les cookies de votre navigateur Google Chrome.<\/li>\n<li>Cliquez sur \u00ab Tout supprimer \u00bb pour supprimer toute trace des cookies.<\/li>\n<li>Pour supprimer un cookie en particulier, mettez-le en surbrillance, puis cliquez sur \u00ab Supprimer \u00bb.<\/li>\n<\/ul>\n<p>Si votre navigateur ne figure pas dans la liste ci-dessus, reportez-vous \u00e0 sa documentation ou \u00e0 son aide en ligne pour savoir comment proc\u00e9der.<\/p>\n<p><strong>Cons\u00e9quences d\u2019une d\u00e9sactivation des cookies<\/strong><\/p>\n<p>Vous pourrez continuer d\u2019utiliser certaines parties de nos sites Web. Toutefois, certaines fonctionnalit\u00e9s utiles ne fonctionneront plus.<br \/>\nPar exemple, vous ne pourrez pas utiliser le chat en ligne pour poser vos questions techniques ni faire d\u2019achats. Vous ne pourrez pas non plus rechercher de revendeurs par le biais de notre outil ni partager de pages avec votre r\u00e9seau social.<\/p>\n<p><strong>Modifications apport\u00e9es \u00e0 la Politique relative aux cookies<\/strong><\/p>\n<p>Cette politique peut \u00eatre r\u00e9vis\u00e9e occasionnellement. Toutes les modifications apport\u00e9es seront r\u00e9percut\u00e9es sur ce site Web. Cette politique est sp\u00e9cifique aux op\u00e9rations de Katleen Colaert &amp; Fils\u00a0et s\u2019applique aux informations que vous fournissez en ligne, ainsi que par d\u2019autres moyens. Cette politique vous est propos\u00e9e ici \u00e0 titre informatif et n\u2019a pas pour objet de cr\u00e9er une obligation ex\u00e9cutoire. En cas de questions, n\u2019h\u00e9sitez pas \u00e0 nous contacter.<\/p>\n<p><strong>Nous contacter<\/strong><\/p>\n<p>Si vous avez des questions relatives \u00e0 l\u2019utilisation des cookies sur notre site, ou si vous souhaitez exercer votre droit d\u2019acc\u00e8s \u00e0 vos donn\u00e9es et\/ou de rectification de ces derni\u00e8res, contactez-nous. Vous trouverez \u00e9galement d\u2019autres informations sur la mani\u00e8re dont nous traitons vos donn\u00e9es en g\u00e9n\u00e9ral, et les donn\u00e9es que vous importez sur notre site Web en particulier, dans notre Politique de confidentialit\u00e9.<\/p>\n<p><strong>GLOSSAIRE<\/strong><\/p>\n<p>Les cookies sont des fichiers texte qui contiennent des informations et sont t\u00e9l\u00e9charg\u00e9s sur votre ordinateur ou votre appareil mobile lorsque vous visitez un site Web. Ils sont ensuite renvoy\u00e9s au site Web d\u2019origine \u00e0 chaque visite suivante, ou \u00e0 tout autre site Web qui les reconna\u00eet.<br \/>\nLes fichiers journaux sont des fichiers de serveur Web (stockant des informations telles que des noms de domaine ou des adresses IP, des URL, le code de r\u00e9ponse http, le site Web \u00e0 partir duquel vous acc\u00e9dez au n\u00f4tre et\/ou la date et la dur\u00e9e de votre visite) qui sont automatiquement cr\u00e9\u00e9s lorsqu\u2019un internaute visite un site.<br \/>\nCertaines pages de notre site Web contiennent des balises Web (\u00e9galement appel\u00e9es \u00ab balises Internet \u00bb, \u00ab pixels espion \u00bb ou encore \u00ab GIF invisibles \u00bb). Une balise Web est une image \u00e9lectronique g\u00e9n\u00e9ralement compos\u00e9e d\u2019un seul pixel. Elle peut \u00eatre plac\u00e9e sur une page Web ou dans un email pour transmettre des informations, y compris des informations personnelles telles que l\u2019adresse IP de l\u2019ordinateur qui a t\u00e9l\u00e9charg\u00e9 la page en question, l\u2019URL de la page, l\u2019heure de consultation de la page, le type de navigateur utilis\u00e9, ainsi que les donn\u00e9es contenues dans les cookies envoy\u00e9s par un tiers.<\/p>\n","protected":false},"excerpt":{"rendered":"<p>Politique relative aux cookies Chez Katleen Colaert, nous prenons tr\u00e8s au s\u00e9rieux vos pr\u00e9occupations relatives \u00e0 la confidentialit\u00e9 et accordons une grande valeur aux relations avec nos clients. \u00c0 l\u2019instar de nombreuses entreprises, nous recourons \u00e0 certaines technologies sur notre site Web pour collecter des informations qui nous aident \u00e0 am\u00e9liorer votre exp\u00e9rience en ligne.Outre [&hellip;]<\/p>\n","protected":false},"author":1,"featured_media":0,"parent":0,"menu_order":0,"comment_status":"closed","ping_status":"closed","template":"","meta":{"footnotes":""},"class_list":["post-1185","page","type-page","status-publish","hentry"],"yoast_head":"<!-- This site is optimized with the Yoast SEO plugin v21.8 - https:\/\/yoast.com\/wordpress\/plugins\/seo\/ -->\n<title>Politique relative aux cookies - Katleen Colaert<\/title>\n<meta name=\"robots\" content=\"index, follow, max-snippet:-1, max-image-preview:large, max-video-preview:-1\" \/>\n<link rel=\"canonical\" href=\"https:\/\/fr.katleencolaert.be\/fr\/politique-relative-cookies\/\" \/>\n<meta property=\"og:locale\" content=\"fr_FR\" \/>\n<meta property=\"og:type\" content=\"article\" \/>\n<meta property=\"og:title\" content=\"Politique relative aux cookies - Katleen Colaert\" \/>\n<meta property=\"og:description\" content=\"Politique relative aux cookies Chez Katleen Colaert, nous prenons tr\u00e8s au s\u00e9rieux vos pr\u00e9occupations relatives \u00e0 la confidentialit\u00e9 et accordons une grande valeur aux relations avec nos clients. \u00c0 l\u2019instar de nombreuses entreprises, nous recourons \u00e0 certaines technologies sur notre site Web pour collecter des informations qui nous aident \u00e0 am\u00e9liorer votre exp\u00e9rience en ligne.Outre [&hellip;]\" \/>\n<meta property=\"og:url\" content=\"https:\/\/fr.katleencolaert.be\/fr\/politique-relative-cookies\/\" \/>\n<meta property=\"og:site_name\" content=\"Katleen Colaert\" \/>\n<meta property=\"article:modified_time\" content=\"2016-04-15T10:03:19+00:00\" \/>\n<meta name=\"twitter:label1\" content=\"Est. reading time\" \/>\n\t<meta name=\"twitter:data1\" content=\"10 minutes\" \/>\n<script type=\"application\/ld+json\" class=\"yoast-schema-graph\">{\"@context\":\"https:\/\/schema.org\",\"@graph\":[{\"@type\":\"WebPage\",\"@id\":\"https:\/\/fr.katleencolaert.be\/fr\/politique-relative-cookies\/\",\"url\":\"https:\/\/fr.katleencolaert.be\/fr\/politique-relative-cookies\/\",\"name\":\"Politique relative aux cookies - Katleen Colaert\",\"isPartOf\":{\"@id\":\"https:\/\/fr.katleencolaert.be\/fr\/#website\"},\"datePublished\":\"2014-07-10T09:05:54+00:00\",\"dateModified\":\"2016-04-15T10:03:19+00:00\",\"breadcrumb\":{\"@id\":\"https:\/\/fr.katleencolaert.be\/fr\/politique-relative-cookies\/#breadcrumb\"},\"inLanguage\":\"fr-FR\",\"potentialAction\":[{\"@type\":\"ReadAction\",\"target\":[\"https:\/\/fr.katleencolaert.be\/fr\/politique-relative-cookies\/\"]}]},{\"@type\":\"BreadcrumbList\",\"@id\":\"https:\/\/fr.katleencolaert.be\/fr\/politique-relative-cookies\/#breadcrumb\",\"itemListElement\":[{\"@type\":\"ListItem\",\"position\":1,\"name\":\"Accueil\",\"item\":\"https:\/\/fr.katleencolaert.be\/fr\/\"},{\"@type\":\"ListItem\",\"position\":2,\"name\":\"Politique relative aux cookies\"}]},{\"@type\":\"WebSite\",\"@id\":\"https:\/\/fr.katleencolaert.be\/fr\/#website\",\"url\":\"https:\/\/fr.katleencolaert.be\/fr\/\",\"name\":\"Katleen Colaert\",\"description\":\"Choisissez pour votre s\u00e9curit\u00e9 et profitez de la vie.\",\"potentialAction\":[{\"@type\":\"SearchAction\",\"target\":{\"@type\":\"EntryPoint\",\"urlTemplate\":\"https:\/\/fr.katleencolaert.be\/fr\/?s={search_term_string}\"},\"query-input\":\"required name=search_term_string\"}],\"inLanguage\":\"fr-FR\"}]}<\/script>\n<!-- \/ Yoast SEO plugin. -->","yoast_head_json":{"title":"Politique relative aux cookies - Katleen Colaert","robots":{"index":"index","follow":"follow","max-snippet":"max-snippet:-1","max-image-preview":"max-image-preview:large","max-video-preview":"max-video-preview:-1"},"canonical":"https:\/\/fr.katleencolaert.be\/fr\/politique-relative-cookies\/","og_locale":"fr_FR","og_type":"article","og_title":"Politique relative aux cookies - Katleen Colaert","og_description":"Politique relative aux cookies Chez Katleen Colaert, nous prenons tr\u00e8s au s\u00e9rieux vos pr\u00e9occupations relatives \u00e0 la confidentialit\u00e9 et accordons une grande valeur aux relations avec nos clients. \u00c0 l\u2019instar de nombreuses entreprises, nous recourons \u00e0 certaines technologies sur notre site Web pour collecter des informations qui nous aident \u00e0 am\u00e9liorer votre exp\u00e9rience en ligne.Outre [&hellip;]","og_url":"https:\/\/fr.katleencolaert.be\/fr\/politique-relative-cookies\/","og_site_name":"Katleen Colaert","article_modified_time":"2016-04-15T10:03:19+00:00","twitter_misc":{"Est. reading time":"10 minutes"},"schema":{"@context":"https:\/\/schema.org","@graph":[{"@type":"WebPage","@id":"https:\/\/fr.katleencolaert.be\/fr\/politique-relative-cookies\/","url":"https:\/\/fr.katleencolaert.be\/fr\/politique-relative-cookies\/","name":"Politique relative aux cookies - Katleen Colaert","isPartOf":{"@id":"https:\/\/fr.katleencolaert.be\/fr\/#website"},"datePublished":"2014-07-10T09:05:54+00:00","dateModified":"2016-04-15T10:03:19+00:00","breadcrumb":{"@id":"https:\/\/fr.katleencolaert.be\/fr\/politique-relative-cookies\/#breadcrumb"},"inLanguage":"fr-FR","potentialAction":[{"@type":"ReadAction","target":["https:\/\/fr.katleencolaert.be\/fr\/politique-relative-cookies\/"]}]},{"@type":"BreadcrumbList","@id":"https:\/\/fr.katleencolaert.be\/fr\/politique-relative-cookies\/#breadcrumb","itemListElement":[{"@type":"ListItem","position":1,"name":"Accueil","item":"https:\/\/fr.katleencolaert.be\/fr\/"},{"@type":"ListItem","position":2,"name":"Politique relative aux cookies"}]},{"@type":"WebSite","@id":"https:\/\/fr.katleencolaert.be\/fr\/#website","url":"https:\/\/fr.katleencolaert.be\/fr\/","name":"Katleen Colaert","description":"Choisissez pour votre s\u00e9curit\u00e9 et profitez de la vie.","potentialAction":[{"@type":"SearchAction","target":{"@type":"EntryPoint","urlTemplate":"https:\/\/fr.katleencolaert.be\/fr\/?s={search_term_string}"},"query-input":"required name=search_term_string"}],"inLanguage":"fr-FR"}]}},"_links":{"self":[{"href":"https:\/\/fr.katleencolaert.be\/fr\/wp-json\/wp\/v2\/pages\/1185","targetHints":{"allow":["GET"]}}],"collection":[{"href":"https:\/\/fr.katleencolaert.be\/fr\/wp-json\/wp\/v2\/pages"}],"about":[{"href":"https:\/\/fr.katleencolaert.be\/fr\/wp-json\/wp\/v2\/types\/page"}],"author":[{"embeddable":true,"href":"https:\/\/fr.katleencolaert.be\/fr\/wp-json\/wp\/v2\/users\/1"}],"replies":[{"embeddable":true,"href":"https:\/\/fr.katleencolaert.be\/fr\/wp-json\/wp\/v2\/comments?post=1185"}],"version-history":[{"count":4,"href":"https:\/\/fr.katleencolaert.be\/fr\/wp-json\/wp\/v2\/pages\/1185\/revisions"}],"predecessor-version":[{"id":2217,"href":"https:\/\/fr.katleencolaert.be\/fr\/wp-json\/wp\/v2\/pages\/1185\/revisions\/2217"}],"wp:attachment":[{"href":"https:\/\/fr.katleencolaert.be\/fr\/wp-json\/wp\/v2\/media?parent=1185"}],"curies":[{"name":"wp","href":"https:\/\/api.w.org\/{rel}","templated":true}]}}