{"id":1164,"date":"2014-07-16T15:30:48","date_gmt":"2014-07-08T15:25:56","guid":{"rendered":"http:\/\/templatefr.crmtest.be\/assurmifid-2\/"},"modified":"2014-09-16T11:19:21","modified_gmt":"2014-09-16T10:19:21","slug":"assurmifid","status":"publish","type":"page","link":"https:\/\/fr.katleencolaert.be\/fr\/assurmifid\/","title":{"rendered":"AssurMiFID"},"content":{"rendered":"<h2>1. Produits et services offets<\/h2>\n<h3>1.1 Informations relatives aux types de services et de contrats que notre bureau peut proposer<\/h3>\n<p>Notre bureau offre des services d\u2019interm\u00e9diation en assurances. Ces services consistent \u00e0 fournir des conseils sur des contrats d\u2019assurances, \u00e0 pr\u00e9senter ou \u00e0 proposer des contrats d\u2019assurances ou \u00e0 r\u00e9aliser d\u2019autres travaux pr\u00e9paratoires \u00e0 leur conclusion ou \u00e0 les conclure, ou \u00e0 contribuer \u00e0 leur gestion et \u00e0 leur ex\u00e9cution. Notre bureau exerce ses activit\u00e9s dans les branches suivantes<\/p>\n<h3>1.2. Liste des branches<\/h3>\n<p><em>Groupe d&rsquo;activit\u00e9s \u00ab\u00a0non-vie\u00a0\u00bb<\/em><\/p>\n<p>1. Accidents.<br \/>\n1.a. Accidents sauf accidents du travail<br \/>\nprestations forfaitaires ; prestations indemnitaires ; combinaisons ; personnes transport\u00e9es.<br \/>\n1.b. Accidents du travail<br \/>\n2. Maladie.<br \/>\nprestations forfaitaires; prestations indemnitaires; combinaisons; assurance d\u00e9pendance.<br \/>\n3. Corps de v\u00e9hicules terrestres, autres que ferroviaires.<br \/>\nTout dommage subi par : v\u00e9hicules terrestres automoteurs; v\u00e9hicules terrestres non automoteurs.<br \/>\n4. Corps de v\u00e9hicules ferroviaires.<br \/>\nTout dommage subi par des v\u00e9hicules.<br \/>\n5. Corps de v\u00e9hicules a\u00e9riens.<br \/>\nTout dommage subi par ces v\u00e9hicules.<br \/>\n6. Corps de v\u00e9hicules maritimes, lacustres et fluviaux.<br \/>\nTout dommage subi par: v\u00e9hicules fluviaux; v\u00e9hicules lacustres; v\u00e9hicules maritimes.<br \/>\n7. Marchandises transport\u00e9es, y compris les marchandises, bagages et tous autres biens.<br \/>\nTout dommage subi par les marchandises transport\u00e9es ou bagages, quel que soit le moyen de transport.<br \/>\n8. Incendie et \u00e9l\u00e9ments naturels.<br \/>\nTout dommage subi par les biens (autres que les biens compris dans les branches 3, 4, 5, 6 et 7) lorsqu&rsquo;il est caus\u00e9 par : incendie ; explosion; temp\u00eate; \u00e9l\u00e9ments naturels autres que la gr\u00eale et la gel\u00e9e; \u00e9nergie nucl\u00e9aire; affaissement de terrain.<br \/>\n9. Autres dommages aux biens.<br \/>\nTout dommage subi par les biens (autres que les biens compris dans les branches 3, 4, 5, 6 et 7) lorsque ce dommage est caus\u00e9 par la gr\u00eale ou la gel\u00e9e, ainsi que par tout \u00e9v\u00e9nement, tel que vol, autre que ceux compris sous 8.<br \/>\n10. R.C. v\u00e9hicules terrestres automoteurs.<br \/>\nToute responsabilit\u00e9 r\u00e9sultant de l&#8217;emploi de v\u00e9hicules terrestres automoteurs.<br \/>\n10a : l&rsquo;assurance obligatoire de la responsabilit\u00e9 civile en mati\u00e8re de v\u00e9hicules automoteurs<br \/>\n10b : l&rsquo;assurance de la responsabilit\u00e9 civile du transporteur<br \/>\n11. R.C. v\u00e9hicules a\u00e9riens.<br \/>\nToute responsabilit\u00e9 r\u00e9sultant de l&#8217;emploi de v\u00e9hicules a\u00e9riens (y compris la responsabilit\u00e9 du transporteur).<br \/>\n12. R.C. v\u00e9hicules maritimes, lacustres et fluviaux.<br \/>\nToute responsabilit\u00e9 r\u00e9sultant de l&#8217;emploi de v\u00e9hicules fluviaux, lacustres et maritimes (y compris la responsabilit\u00e9 du transporteur).<br \/>\n13. R.C. g\u00e9n\u00e9rale.<br \/>\nToute responsabilit\u00e9 autre que celles mentionn\u00e9es sous les num\u00e9ros 10, 11 et 12.<br \/>\n14. Cr\u00e9dit.<br \/>\ninsolvabilit\u00e9 g\u00e9n\u00e9rale; cr\u00e9dit \u00e0 l&rsquo;exportation; vente \u00e0 temp\u00e9rament; cr\u00e9dit hypoth\u00e9caire; cr\u00e9dit agricole.<br \/>\n15. Caution.<br \/>\ncaution directe; caution indirecte.<br \/>\n16. Pertes p\u00e9cuniaires diverses.<br \/>\nrisques d&#8217;emploi;\u00a0insuffisance de recettes (g\u00e9n\u00e9rale); mauvais temps; pertes de b\u00e9n\u00e9fices; persistance de frais g\u00e9n\u00e9raux; d\u00e9penses commerciales impr\u00e9vues; perte de la valeur v\u00e9nale; pertes de loyers ou de revenus; pertes commerciales indirectes autres que celles mentionn\u00e9es pr\u00e9c\u00e9demment; pertes p\u00e9cuniaires non commerciales; autres pertes p\u00e9cuniaires.<br \/>\n17. Protection juridique.<br \/>\n18. Assistance.<br \/>\nassistance aux personnes en difficult\u00e9 au cours de d\u00e9placements ou d&rsquo;absences du domicile ou du lieu de r\u00e9sidence permanente; assistance en d&rsquo;autres circonstances.<\/p>\n<p><em>Groupe d&rsquo;activit\u00e9s \u00ab\u00a0vie\u00a0\u00bb<br \/>\n<\/em>21. Assurances sur la vie non li\u00e9es \u00e0 des fonds d&rsquo;investissement \u00e0 l&rsquo;exception des assurances de nuptialit\u00e9 et de natalit\u00e9.<br \/>\n22. Assurances de nuptialit\u00e9 et de natalit\u00e9 non li\u00e9es \u00e0 des fonds d&rsquo;investissement.<br \/>\n23. Assurances sur la vie, assurances de nuptialit\u00e9 et de natalit\u00e9 li\u00e9es \u00e0 des fonds d&rsquo;investissement.<br \/>\n24. L&rsquo;assurance pratiqu\u00e9e en Irlande et au Royaume-Uni, d\u00e9nomm\u00e9e \u00ab\u00a0permanent health insurance\u00a0\u00bb (assurance maladie, \u00e0 long terme, non r\u00e9siliable).<br \/>\n25. Les op\u00e9rations tontini\u00e8res.<br \/>\n26. Les op\u00e9rations de capitalisation.<br \/>\n27. Gestion de fonds collectifs de retraite.<br \/>\n28. Les op\u00e9rations telles que vis\u00e9es par le Code fran\u00e7ais des assurances au livre IV, titre 4, chapitre Ier.<br \/>\n29. Les op\u00e9rations d\u00e9pendant de la dur\u00e9e de la vie humaine, d\u00e9finies ou pr\u00e9vues par la l\u00e9gislation des assurances sociales, lorsqu&rsquo;elles sont pratiqu\u00e9es ou g\u00e9r\u00e9es en conformit\u00e9 avec la l\u00e9gislation d&rsquo;un Etat membre par des entreprises d&rsquo;assurances et \u00e0 leur propre risque.<\/p>\n<h3><strong>1.3 CONDITIONS GENERALES<\/strong><\/h3>\n<p><a href=\"\/fr\/documentcenter\/\">Voir rubrique documents<\/a><\/p>\n<h2><strong>2 POLITIQUE EN MATIERE DE CONFLITS D\u2019INTER\u00caTS<\/strong><\/h2>\n<h3><strong>2.1. CADRE GENERAL<\/strong><\/h3>\n<p>Notre bureau a comme priorit\u00e9 premi\u00e8re la volont\u00e9 d\u2019agir d'une mani\u00e8re honn\u00eate, \u00e9quitable et professionnelle qui sert au mieux les int\u00e9r\u00eats de ses clients. Dans ce cadre et conform\u00e9ment \u00e0 la l\u00e9gislation, notre bureau a pris des mesures ad\u00e9quates destin\u00e9es \u00e0 identifier, pr\u00e9venir et g\u00e9rer les conflits d\u2019int\u00e9r\u00eats pouvant intervenir dans le cadre de ses activit\u00e9s. Tenant compte de ce qui pr\u00e9c\u00e8de et des caract\u00e9ristiques de nos activit\u00e9s, notre bureau a \u00e9labor\u00e9 une politique de gestion en mati\u00e8re de conflits d\u2019int\u00e9r\u00eats dont le pr\u00e9sent document est un r\u00e9sum\u00e9. Sur demande, vous pouvez obtenir un compl\u00e9ment d\u2019information qui vous sera fourni sur un support durable.<\/p>\n<h3><strong>2.2. IDENTIFICATION DES CAS DE CONFLITS D\u2019INTER\u00caTS POTENTIELS<\/strong><\/h3>\n<p>Des conflits d\u2019int\u00e9r\u00eats peuvent intervenir entre :<\/p>\n<ul><li>notre bureau (en ce compris toute personne qui lui est li\u00e9e comme par exemple notamment les administrateurs, les g\u00e9rants, les personnes qui exercent un contr\u00f4le sur l\u2019entreprise, les salari\u00e9s impliqu\u00e9s dans la prestation de services d\u2019interm\u00e9diation en assurances et les sous-agents \u2013 ci-apr\u00e8s \u201cles personnes li\u00e9es) et les clients,<\/li>\n<li>les clients entre eux.<\/li>\n<\/ul><p>Tenant compte des caract\u00e9ristiques de notre bureau, nous avons identifi\u00e9 les cas potentiels de conflits d\u2019int\u00e9r\u00eats. En voici quelques exemples :<\/p>\n<ul><li>Situation dans laquelle un gain financier peut \u00eatre r\u00e9alis\u00e9 ou une perte financi\u00e8re \u00e9vit\u00e9e aux d\u00e9pens du client,<\/li>\n<li>Notre bureau a un int\u00e9r\u00eat dans le r\u00e9sultat d\u2019un service d\u2019interm\u00e9diation en assurances ou d\u2019une transaction r\u00e9alis\u00e9e qui est diff\u00e9rent de l\u2019int\u00e9r\u00eat du client,<\/li>\n<li>Notre bureau est incit\u00e9, pour des raisons financi\u00e8res ou autres, \u00e0 privil\u00e9gier les int\u00e9r\u00eats d\u2019un autre client ou groupe de clients par rapport \u00e0 ceux du client concern\u00e9,<\/li>\n<li>Notre bureau a la m\u00eame activit\u00e9 professionnelle que le client,<\/li>\n<li>Notre bureau re\u00e7oit d\u2019une personne autre que le client un avantage en relation avec le service d\u2019interm\u00e9diation en assurances fourni au client, sous la forme d\u2019argent, de biens ou de services, autre que la commission ou les frais normalement pratiqu\u00e9s pour ce service.<\/li>\n<\/ul><h3><strong>2.3. POLITIQUE DE GESTION EN MATIERE DE CONFLITS D\u2019INTER\u00caTS<\/strong><\/h3>\n<p>Notre bureau a mis en place toute une s\u00e9rie de mesures afin de g\u00e9rer les conflits d\u2019int\u00e9r\u00eats qui pourraient se poser. Ces mesures sont notamment les suivantes :<\/p>\n<ul><li>le respect par le personnel et toute autre personne li\u00e9e au bureau d\u2019une note d\u2019instruction interne reprenant les principes et les mesures \u00e0 respecter dans le cadre de la gestion des conflits d\u2019int\u00e9r\u00eats,<\/li>\n<li>une politique adapt\u00e9e en mati\u00e8re de r\u00e9mun\u00e9ration du personnel et de toute autre personne li\u00e9e au bureau,<\/li>\n<li>une politique en mati\u00e8re de cadeaux ou autres avantages,<\/li>\n<li>des mesures organisationnelles qui garantissent le caract\u00e8re confidentiel des donn\u00e9es communiqu\u00e9es par les clients,<\/li>\n<li>des mesures organisationnelles en mati\u00e8re de gestion s\u00e9par\u00e9e lorsque cela s\u2019av\u00e8re n\u00e9cessaire,<\/li>\n<li>une politique en mati\u00e8re de conseil d\u2019arbitrage,<\/li>\n<li>une politique suivant laquelle si un conflit d\u2019int\u00e9r\u00eat sp\u00e9cifique ne peut \u00eatre r\u00e9solu, notre bureau se r\u00e9serve le droit de refuser la demande du client concern\u00e9 et ce, dans le seul but de prot\u00e9ger ses int\u00e9r\u00eats.<\/li>\n<\/ul><h3><strong>2.4. INFORMATION AU CLIENT<\/strong><\/h3>\n<p>Lorsque les dispositions organisationnelles ou administratives prises par notre bureau pour g\u00e9rer les conflits d\u2019int\u00e9r\u00eats ne suffisent pas \u00e0 garantir, avec une certitude raisonnable, que le risque de porter atteinte aux int\u00e9r\u00eats du client sera \u00e9vit\u00e9, notre bureau informera ceux-ci par \u00e9crit ou sur tout autre support durable, avant d\u2019agir en leur nom, de la nature g\u00e9n\u00e9rale et\/ou de la source de ces conflits d\u2019int\u00e9r\u00eats. Le choix final du suivi r\u00e9serv\u00e9 \u00e0 la situation qui est \u00e0 la base du conflit d\u2019int\u00e9r\u00eat concern\u00e9 appartient au client. Si un conflit d\u2019int\u00e9r\u00eat sp\u00e9cifique ne peut \u00eatre r\u00e9solu, notre bureau se r\u00e9serve le droit de refuser la demande du client concern\u00e9 et ce, dans le seul but de prot\u00e9ger ses int\u00e9r\u00eats.<\/p>\n<h2><strong>3. Compensation<\/strong><\/h2>\n<p>Pour les services d\u2019interm\u00e9diation en assurances prest\u00e9s, notre bureau est r\u00e9mun\u00e9r\u00e9 sous la forme de commissions. Notre bureau peut en outre percevoir une r\u00e9mun\u00e9ration li\u00e9e au portefeuille d\u2019assurances aupr\u00e8s d\u2019une entreprise d\u2019assurances d\u00e9termin\u00e9e ou aux t\u00e2ches effectu\u00e9es pour son compte par notre bureau. Notre bureau est inscrit dans la cat\u00e9gorie des courtiers d\u2019assurances dans le registre des interm\u00e9diaires d\u2019assurances tenu par la FSMA dont le si\u00e8ge est situ\u00e9 Rue du Congr\u00e8s 12-14 \u00e0 1000 Bruxelles et qui consultable sur le site <a href=\"https:\/\/www.fsma.be\/fr\/intermediaire-dassurances\">https:\/\/www.fsma.be\/fr\/intermediaire-dassurances<\/a>. Notre bureau fait de son mieux pour vous satisfaire. En cas de probl\u00e8me ou de question, nous nous tenons \u00e0 votre disposition. Si vous avez une plainte concernant notre prestation de service que nous n\u2019avons pas pu r\u00e9gler ensemble, vous pouvez contacter le Service Ombudsman Assurances dont le si\u00e8ge est situ\u00e9 Square de Mee\u00fbs 35 \u00e0 1000 Bruxelles - T\u00e9l. 02\/547.58.71 - Fax. 02\/547.59.75 - <a href=\"mailto:as@ombudsman.as\">info@ombudsman.as<\/a> - <a href=\"http:\/\/www.ombudsman.as\/\" target=\"_blank\">www.ombudsman.as<\/a>.<\/p>\n<p><em>* Loi du 30 Juillet 2013 au renforcement de la protection des consommateurs de produits et services financiers ainsi que les pouvoirs de la FSMA et diverses dispositions financi\u00e8res et l'arr\u00eat\u00e9 royal du 21 F\u00e9vrier, 2014 concernant les modalit\u00e9s d'application des articles 27 \u00e0 28 bis de la loi du 2 Ao\u00fbt 2002 relative \u00e0 la surveillance du secteur financier et aux services financiers dans l'assurance et le d\u00e9cret royal du 21 F\u00e9vrier, 2014 relatif au code de conduite \u00e9tabli par la loi et les r\u00e8glements sur la gestion des conflits d'int\u00e9r\u00eats concernant le secteur de l'assurance.<\/em><\/p>\n\n","protected":false},"excerpt":{"rendered":"<p>1. Produits et services offets 1.1 Informations relatives aux types de services et de contrats que notre bureau peut proposer Notre bureau offre des services d\u2019interm\u00e9diation en assurances. Ces services consistent \u00e0 fournir des conseils sur des contrats d\u2019assurances, \u00e0 pr\u00e9senter ou \u00e0 proposer des contrats d\u2019assurances ou \u00e0 r\u00e9aliser d\u2019autres travaux pr\u00e9paratoires \u00e0 leur [&hellip;]<\/p>\n","protected":false},"author":1,"featured_media":0,"parent":0,"menu_order":0,"comment_status":"closed","ping_status":"closed","template":"","meta":{"footnotes":""},"class_list":["post-1164","page","type-page","status-publish","hentry"],"yoast_head":"<!-- This site is optimized with the Yoast SEO plugin v21.8 - https:\/\/yoast.com\/wordpress\/plugins\/seo\/ -->\n<title>AssurMiFID - Katleen Colaert<\/title>\n<meta name=\"robots\" content=\"index, follow, max-snippet:-1, max-image-preview:large, max-video-preview:-1\" \/>\n<link rel=\"canonical\" href=\"https:\/\/fr.katleencolaert.be\/fr\/assurmifid\/\" \/>\n<meta property=\"og:locale\" content=\"fr_FR\" \/>\n<meta property=\"og:type\" content=\"article\" \/>\n<meta property=\"og:title\" content=\"AssurMiFID - Katleen Colaert\" \/>\n<meta property=\"og:description\" content=\"1. Produits et services offets 1.1 Informations relatives aux types de services et de contrats que notre bureau peut proposer Notre bureau offre des services d\u2019interm\u00e9diation en assurances. Ces services consistent \u00e0 fournir des conseils sur des contrats d\u2019assurances, \u00e0 pr\u00e9senter ou \u00e0 proposer des contrats d\u2019assurances ou \u00e0 r\u00e9aliser d\u2019autres travaux pr\u00e9paratoires \u00e0 leur [&hellip;]\" \/>\n<meta property=\"og:url\" content=\"https:\/\/fr.katleencolaert.be\/fr\/assurmifid\/\" \/>\n<meta property=\"og:site_name\" content=\"Katleen Colaert\" \/>\n<meta property=\"article:modified_time\" content=\"2014-09-16T10:19:21+00:00\" \/>\n<meta name=\"twitter:label1\" content=\"Est. reading time\" \/>\n\t<meta name=\"twitter:data1\" content=\"3 minutes\" \/>\n<script type=\"application\/ld+json\" class=\"yoast-schema-graph\">{\"@context\":\"https:\/\/schema.org\",\"@graph\":[{\"@type\":\"WebPage\",\"@id\":\"https:\/\/fr.katleencolaert.be\/fr\/assurmifid\/\",\"url\":\"https:\/\/fr.katleencolaert.be\/fr\/assurmifid\/\",\"name\":\"AssurMiFID - Katleen Colaert\",\"isPartOf\":{\"@id\":\"https:\/\/fr.katleencolaert.be\/fr\/#website\"},\"datePublished\":\"2014-07-08T15:25:56+00:00\",\"dateModified\":\"2014-09-16T10:19:21+00:00\",\"breadcrumb\":{\"@id\":\"https:\/\/fr.katleencolaert.be\/fr\/assurmifid\/#breadcrumb\"},\"inLanguage\":\"fr-FR\",\"potentialAction\":[{\"@type\":\"ReadAction\",\"target\":[\"https:\/\/fr.katleencolaert.be\/fr\/assurmifid\/\"]}]},{\"@type\":\"BreadcrumbList\",\"@id\":\"https:\/\/fr.katleencolaert.be\/fr\/assurmifid\/#breadcrumb\",\"itemListElement\":[{\"@type\":\"ListItem\",\"position\":1,\"name\":\"Accueil\",\"item\":\"https:\/\/fr.katleencolaert.be\/fr\/\"},{\"@type\":\"ListItem\",\"position\":2,\"name\":\"AssurMiFID\"}]},{\"@type\":\"WebSite\",\"@id\":\"https:\/\/fr.katleencolaert.be\/fr\/#website\",\"url\":\"https:\/\/fr.katleencolaert.be\/fr\/\",\"name\":\"Katleen Colaert\",\"description\":\"Choisissez pour votre s\u00e9curit\u00e9 et profitez de la vie.\",\"potentialAction\":[{\"@type\":\"SearchAction\",\"target\":{\"@type\":\"EntryPoint\",\"urlTemplate\":\"https:\/\/fr.katleencolaert.be\/fr\/?s={search_term_string}\"},\"query-input\":\"required name=search_term_string\"}],\"inLanguage\":\"fr-FR\"}]}<\/script>\n<!-- \/ Yoast SEO plugin. -->","yoast_head_json":{"title":"AssurMiFID - Katleen Colaert","robots":{"index":"index","follow":"follow","max-snippet":"max-snippet:-1","max-image-preview":"max-image-preview:large","max-video-preview":"max-video-preview:-1"},"canonical":"https:\/\/fr.katleencolaert.be\/fr\/assurmifid\/","og_locale":"fr_FR","og_type":"article","og_title":"AssurMiFID - Katleen Colaert","og_description":"1. Produits et services offets 1.1 Informations relatives aux types de services et de contrats que notre bureau peut proposer Notre bureau offre des services d\u2019interm\u00e9diation en assurances. Ces services consistent \u00e0 fournir des conseils sur des contrats d\u2019assurances, \u00e0 pr\u00e9senter ou \u00e0 proposer des contrats d\u2019assurances ou \u00e0 r\u00e9aliser d\u2019autres travaux pr\u00e9paratoires \u00e0 leur [&hellip;]","og_url":"https:\/\/fr.katleencolaert.be\/fr\/assurmifid\/","og_site_name":"Katleen Colaert","article_modified_time":"2014-09-16T10:19:21+00:00","twitter_misc":{"Est. reading time":"3 minutes"},"schema":{"@context":"https:\/\/schema.org","@graph":[{"@type":"WebPage","@id":"https:\/\/fr.katleencolaert.be\/fr\/assurmifid\/","url":"https:\/\/fr.katleencolaert.be\/fr\/assurmifid\/","name":"AssurMiFID - Katleen Colaert","isPartOf":{"@id":"https:\/\/fr.katleencolaert.be\/fr\/#website"},"datePublished":"2014-07-08T15:25:56+00:00","dateModified":"2014-09-16T10:19:21+00:00","breadcrumb":{"@id":"https:\/\/fr.katleencolaert.be\/fr\/assurmifid\/#breadcrumb"},"inLanguage":"fr-FR","potentialAction":[{"@type":"ReadAction","target":["https:\/\/fr.katleencolaert.be\/fr\/assurmifid\/"]}]},{"@type":"BreadcrumbList","@id":"https:\/\/fr.katleencolaert.be\/fr\/assurmifid\/#breadcrumb","itemListElement":[{"@type":"ListItem","position":1,"name":"Accueil","item":"https:\/\/fr.katleencolaert.be\/fr\/"},{"@type":"ListItem","position":2,"name":"AssurMiFID"}]},{"@type":"WebSite","@id":"https:\/\/fr.katleencolaert.be\/fr\/#website","url":"https:\/\/fr.katleencolaert.be\/fr\/","name":"Katleen Colaert","description":"Choisissez pour votre s\u00e9curit\u00e9 et profitez de la vie.","potentialAction":[{"@type":"SearchAction","target":{"@type":"EntryPoint","urlTemplate":"https:\/\/fr.katleencolaert.be\/fr\/?s={search_term_string}"},"query-input":"required name=search_term_string"}],"inLanguage":"fr-FR"}]}},"_links":{"self":[{"href":"https:\/\/fr.katleencolaert.be\/fr\/wp-json\/wp\/v2\/pages\/1164","targetHints":{"allow":["GET"]}}],"collection":[{"href":"https:\/\/fr.katleencolaert.be\/fr\/wp-json\/wp\/v2\/pages"}],"about":[{"href":"https:\/\/fr.katleencolaert.be\/fr\/wp-json\/wp\/v2\/types\/page"}],"author":[{"embeddable":true,"href":"https:\/\/fr.katleencolaert.be\/fr\/wp-json\/wp\/v2\/users\/1"}],"replies":[{"embeddable":true,"href":"https:\/\/fr.katleencolaert.be\/fr\/wp-json\/wp\/v2\/comments?post=1164"}],"version-history":[{"count":4,"href":"https:\/\/fr.katleencolaert.be\/fr\/wp-json\/wp\/v2\/pages\/1164\/revisions"}],"predecessor-version":[{"id":1594,"href":"https:\/\/fr.katleencolaert.be\/fr\/wp-json\/wp\/v2\/pages\/1164\/revisions\/1594"}],"wp:attachment":[{"href":"https:\/\/fr.katleencolaert.be\/fr\/wp-json\/wp\/v2\/media?parent=1164"}],"curies":[{"name":"wp","href":"https:\/\/api.w.org\/{rel}","templated":true}]}}